
{"id":8466,"date":"2021-10-30T14:16:40","date_gmt":"2021-10-30T12:16:40","guid":{"rendered":"https:\/\/mfpp-origami.fr\/?page_id=8466"},"modified":"2021-11-01T10:58:37","modified_gmt":"2021-11-01T09:58:37","slug":"plier-en-france","status":"publish","type":"page","link":"https:\/\/mfpp-origami.fr\/en\/plier-en-france\/","title":{"rendered":"Plier en France"},"content":{"rendered":"<p class=\"qtranxs-available-languages-message qtranxs-available-languages-message-en\">%<\/p><p>Pliez avec des origamistes de votre r\u00e9gion&nbsp;!<br> De nombreuses associations et MJC proposent localement des ateliers d\u2019origami r\u00e9guliers.<br> Le MFPP vous propose quelques adresses et contacts dans toute la France.<br> Un club ou votre atelier n\u2019y figure pas&nbsp;? des informations sont incorrectes&nbsp;? Envoyez-nous un email \u00e0&nbsp;<a href=\"mailto:contact@mfpp-origami.fr\">contact@mfpp-origami.fr<\/a> pour nous le faire savoir.<\/p>\n<p>\n<\/p><table id=\"tablepress-26\" class=\"tablepress tablepress-id-26\">\n<thead>\n<tr class=\"row-1\">\n\t<th class=\"column-1\">D\u00e9partement<\/th><th class=\"column-2\">Ville<\/th><th class=\"column-3\">Lieu<\/th><th class=\"column-4\">Modalit\u00e9s<\/th><th class=\"column-5\">P\u00e9riodicit\u00e9<\/th><th class=\"column-6\">Contact<\/th><th class=\"column-7\">Lien<\/th>\n<\/tr>\n<\/thead>\n<tbody class=\"row-striping row-hover\">\n<tr class=\"row-2\">\n\t<td class=\"column-1\">11<\/td><td class=\"column-2\">Carcassonne<\/td><td class=\"column-3\">MJC, 91 rue Aim\u00e9 Ramond, 11000 Carcassonne<\/td><td class=\"column-4\">Sur inscription<\/td><td class=\"column-5\">Les mercredis de 18h \u00e0&nbsp;19h30<\/td><td class=\"column-6\"><a href=\"mailto:origami@mjc-carca.org\">origami@mjc-carca.org<\/a><\/td><td class=\"column-7\"><a href=\"https:\/\/mjc-carca.org\/nos-services\/origami\/\" target=\"_blank\">https:\/\/mjc-carca.org\/nos-services\/origami\/<\/a><\/td>\n<\/tr>\n<tr class=\"row-3\">\n\t<td class=\"column-1\">16<\/td><td class=\"column-2\">Angoul\u00e8me<\/td><td class=\"column-3\">Mus\u00e9e du Papier, 134 rue de Bordeaux, 16000 Angoul\u00eame<br>\n<\/td><td class=\"column-4\">Atelier gratuit sur inscription dans la limite des places disponibles<br>\n<\/td><td class=\"column-5\">Deux samedis par mois de 15h \u00e0&nbsp;17h<\/td><td class=\"column-6\">05 45 92 73&nbsp;34<\/td><td class=\"column-7\"><\/td>\n<\/tr>\n<tr class=\"row-4\">\n\t<td class=\"column-1\">17<\/td><td class=\"column-2\">La Rochelle<\/td><td class=\"column-3\">Atelier partag\u00e9 de la Maison du Lac, 2&nbsp;rue Philippe Chabaneix, 17000 La Rochelle<\/td><td class=\"column-4\">Sur inscription<\/td><td class=\"column-5\">Trois samedis par mois de 15h \u00e0&nbsp;17h<br> Permanence le jeudi soir de 17h \u00e0&nbsp;19h<br>\n<\/td><td class=\"column-6\">Centre Social de Villeneuve-les-Salines&nbsp;: 05 46 44 10&nbsp;44<br>\n<a href=\"mailto:atelier-origami@wanadoo.fr\">atelier-origami@wanadoo.fr<\/a><br>\n<\/td><td class=\"column-7\"><\/td>\n<\/tr>\n<tr class=\"row-5\">\n\t<td class=\"column-1\">24<\/td><td class=\"column-2\">Coulouneix-Chamiers<\/td><td class=\"column-3\">50 avenue du G\u00e9n\u00e9ral de Gaulle, 24660 Coulouneix-Chamiers<\/td><td class=\"column-4\">FLEP Ch\u00e2teau des Izards<\/td><td class=\"column-5\">tous les mercredis apr\u00e8s-midi de 16h \u00e0&nbsp;18h<\/td><td class=\"column-6\">Nadine Gonthier&nbsp;: 06 30 60 48&nbsp;33<br>\n<a href=\"mailto:nadine.gonthier@laposte.net\">nadine.gonthier@laposte.net<\/a><\/td><td class=\"column-7\"><a href=\"https:\/\/flep.eu\/\" target=\"_blank\">https:\/\/flep.eu\/<\/a><\/td>\n<\/tr>\n<tr class=\"row-6\">\n\t<td class=\"column-1\">31<\/td><td class=\"column-2\">Toulouse<\/td><td class=\"column-3\">MFPP section locale de Toulouse. Centre culturel de Soupetard, 63 chemin de Heredia, 31500 Toulouse<br>\n<\/td><td class=\"column-4\">Adh\u00e9sion au&nbsp;MFPP<\/td><td class=\"column-5\">Deux mardis par mois de 19h30 \u00e0&nbsp;22h (hors vacances scolaires)<\/td><td class=\"column-6\"><a href=\"mailto:robert.loubet@wanadoo.fr\">robert.loubet@wanadoo.fr<\/a><br>\n<\/td><td class=\"column-7\"><a href=\"https:\/\/mfpp-origami.fr\" target=\"_blank\">https:\/\/mfpp-origami.fr<\/a><br>\n<br>\n<a href=\"https:\/\/www.instagram.com\/origami_tls\" target=\"_blank\">https:\/\/www.instagram.com\/origami_tls<\/a><\/td>\n<\/tr>\n<tr class=\"row-7\">\n\t<td class=\"column-1\">34<\/td><td class=\"column-2\">Lamalou-les-bains<\/td><td class=\"column-3\">La salle du Bridge \u00e0&nbsp;Parc Danos<\/td><td class=\"column-4\">Petite contribution \u00e0&nbsp;l\u2019achat de papier (1\u20ac\/semaine)<\/td><td class=\"column-5\">Les mercredis 10h-13h30 Les jeudis 18h-20h30<\/td><td class=\"column-6\"><a href=\"mailto:keithgiddings17@gmail.com\">keithgiddings17@gmail.com<\/a><\/td><td class=\"column-7\"><\/td>\n<\/tr>\n<tr class=\"row-8\">\n\t<td class=\"column-1\">34<\/td><td class=\"column-2\">B\u00e9darieux<\/td><td class=\"column-3\">L\u2019Espace Vie Sociale (\u00e0 c\u00f4t\u00e9 de la Mairie).<\/td><td class=\"column-4\">Gratuit<\/td><td class=\"column-5\">Les jeudis 14h30 \u2013&nbsp;17h30<\/td><td class=\"column-6\"><a href=\"mailto:keithgiddings17@gmail.com\">keithgiddings17@gmail.com<\/a><\/td><td class=\"column-7\"><\/td>\n<\/tr>\n<tr class=\"row-9\">\n\t<td class=\"column-1\">37<\/td><td class=\"column-2\"><br>Jou\u00e9-l\u00e8s-Tours<\/td><td class=\"column-3\">Espace Clos Neuf, 2&nbsp;rue du Clos&nbsp;Neuf,<br> 37300 Jou\u00e9-l\u00e8s-Tours<\/td><td class=\"column-4\">Adh\u00e9sion \u00e0&nbsp;l\u2019association Jou\u00e9 Accueil<\/td><td class=\"column-5\">Les vendredis \u00e0&nbsp;10h<\/td><td class=\"column-6\">Catherine Louin&nbsp;: 06 08 15 05&nbsp;68&nbsp;<\/td><td class=\"column-7\"><a href=\"http:\/\/joueaccueil.fr\/rubrmanuelles.php\" target=\"_blank\">http:\/\/joueaccueil.fr\/rubrmanuelles.php<\/a><\/td>\n<\/tr>\n<tr class=\"row-10\">\n\t<td class=\"column-1\">54<\/td><td class=\"column-2\">Vandoeuvre<\/td><td class=\"column-3\">Club d\u2019Origami MJC Lorraine, 1&nbsp;rue de Lorraine, 54500 Vand\u0153uvre-l\u00e8s-Nancy<\/td><td class=\"column-4\">Adh\u00e9sion MJC et&nbsp;club<\/td><td class=\"column-5\">Un mardi sur deux de 14h30 \u00e0&nbsp;17h<\/td><td class=\"column-6\">06 81 91 09&nbsp;57<br>\n<a href=\"mailto:fziegler54@gmail.com\">fziegler54@gmail.com<\/a><\/td><td class=\"column-7\"><a href=\"http:\/\/www.mjclorraine.com\/activites--club-origami-73.php\" target=\"_blank\">http:\/\/www.mjclorraine.com\/activites\u200a\u2013\u200aclub-origami-73.php<\/a><br>\n<\/td>\n<\/tr>\n<tr class=\"row-11\">\n\t<td class=\"column-1\">67<\/td><td class=\"column-2\">Strasbourg<\/td><td class=\"column-3\">P\u2019tit Labo, au 22 rue Watteau, Strasbourg<\/td><td class=\"column-4\">Adh\u00e9sion Origami Alsace<\/td><td class=\"column-5\">2<sup class=\"ordinal\">e<\/sup> lundi du mois de 19h \u00e0&nbsp;21h<\/td><td class=\"column-6\"><a href=\"mailto:origami.alsace@gmail.com\">origami.alsace@gmail.com<\/a><br>\n<\/td><td class=\"column-7\"><a href=\"https:\/\/origami-alsace.fr\" target=\"_blank\">https:\/\/origami-alsace.fr<\/a><\/td>\n<\/tr>\n<tr class=\"row-12\">\n\t<td class=\"column-1\">68<\/td><td class=\"column-2\">Horbourg-Wihr<\/td><td class=\"column-3\">Salle Kastler, 9&nbsp;rue de Lorraine, 68180 Horbourg-Wihr<br>\n<\/td><td class=\"column-4\">Adh\u00e9sion Origami Alsace<\/td><td class=\"column-5\">1<sup class=\"ordinal\">er<\/sup> lundi du mois \u00e0&nbsp;14h, 3<sup class=\"ordinal\">e<\/sup> lundi du mois \u00e0&nbsp;19h30<\/td><td class=\"column-6\"><a href=\"mailto:origami.alsace@gmail.com\">origami.alsace@gmail.com<\/a><\/td><td class=\"column-7\"><a href=\"https:\/\/origami-alsace.fr\" target=\"_blank\">https:\/\/origami-alsace.fr<\/a><\/td>\n<\/tr>\n<tr class=\"row-13\">\n\t<td class=\"column-1\">69<\/td><td class=\"column-2\">Lyon<\/td><td class=\"column-3\">Maison des Math\u00e9matiques et de l\u2019Informatique, 1&nbsp;place de l\u2019\u00c9cole, 69007&nbsp;Lyon<\/td><td class=\"column-4\">Renseignement par mail. Participation gratuite<\/td><td class=\"column-5\">les lundis \u00e0&nbsp;19h<\/td><td class=\"column-6\"><a href=\"mailto:arthur.oules@ens-lyon.fr\">arthur.oules@ens-lyon.fr<\/a><br>\n<a href=\"mailto:simon@zugmeyer.com\">simon@zugmeyer.com<\/a><\/td><td class=\"column-7\"><a href=\"https:\/\/cluborilyon.wordpress.com\" target=\"_blank\">https:\/\/cluborilyon.wordpress.com<\/a><\/td>\n<\/tr>\n<tr class=\"row-14\">\n\t<td class=\"column-1\">78<\/td><td class=\"column-2\">Bonni\u00e8res sur&nbsp;seine<\/td><td class=\"column-3\">Foyer la\u00efque d\u2019\u00e9ducation populaire, 11 avenue Victor Hugo, 78270 Bonni\u00e8res sur&nbsp;Seine<\/td><td class=\"column-4\">Renseignements aupr\u00e8s du&nbsp;FLEP<\/td><td class=\"column-5\">les mardis 20\u200a\u2013\u200a22h<\/td><td class=\"column-6\">01 30 93 31&nbsp;84<br>\n<a href=\"mailto:sergenotari@gmail.com\">sergenotari@gmail.com<\/a><br>\n<\/td><td class=\"column-7\"><br>\n<\/td>\n<\/tr>\n<tr class=\"row-15\">\n\t<td class=\"column-1\">75<\/td><td class=\"column-2\">Paris<\/td><td class=\"column-3\">MFPP, 56 rue Coriolis 75012 Paris (m\u00e9tro Dugommier)<br>\n<\/td><td class=\"column-4\">Adh\u00e9sion MFPP<\/td><td class=\"column-5\">Permanence les samedis de 14h \u00e0&nbsp;17h (voir agenda)<\/td><td class=\"column-6\"><a href=\"mailto:contact@mfpp-origami.fr\">contact@mfpp-origami.fr<\/a><br> 07 49 56 30 96 (r\u00e9pondeur)<\/td><td class=\"column-7\"><a href=\"https:\/\/mfpp-origami.fr\" target=\"_blank\">https:\/\/mfpp-origami.fr<\/a><\/td>\n<\/tr>\n<tr class=\"row-16\">\n\t<td class=\"column-1\">91<\/td><td class=\"column-2\">Sainte-Genevi\u00e8ve-des-Bois<\/td><td class=\"column-3\">Association Pli\u2019Art<br> Conseil des&nbsp;Sages<br> 40 bis rue Dani\u00e8le Casanova 91700 Sainte-Genevi\u00e8ve-des-Bois<\/td><td class=\"column-4\">Adh\u00e9sion Pli\u2019Art<\/td><td class=\"column-5\">Adultes&nbsp;: Les jeudis de 14h \u00e0&nbsp;17h<br> Enfants&nbsp;: les samedi de 10h \u00e0&nbsp;11h30<\/td><td class=\"column-6\">06 77 31 11&nbsp;40<br>\n<a href=\"mailto:pliart.origami@gmail.com\">pliart.origami@gmail.com<\/a><\/td><td class=\"column-7\"><a href=\"https:\/\/pliart.fr\" target=\"_blank\">https:\/\/pliart.fr<\/a><\/td>\n<\/tr>\n<\/tbody>\n<\/table>\n","protected":false},"excerpt":{"rendered":"<p>%Pliez avec des origamistes de votre r\u00e9gion&nbsp;! De nombreuses associations et MJC proposent localement des ateliers d\u2019origami r\u00e9guliers. Le MFPP vous propose quelques adresses et contacts dans toute la France. Un club ou votre atelier n\u2019y figure pas&nbsp;? des informations \u2026 <a href=\"https:\/\/mfpp-origami.fr\/en\/plier-en-france\/\">Continued<\/a><\/p>\n","protected":false},"author":1,"featured_media":0,"parent":0,"menu_order":0,"comment_status":"closed","ping_status":"closed","template":"","meta":{"_acf_changed":false,"wp_typography_post_enhancements_disabled":false,"ngg_post_thumbnail":0,"__cvm_playback_settings":[],"__cvm_video_id":"","footnotes":""},"class_list":["post-8466","page","type-page","status-publish","hentry"],"acf":[],"yoast_head":"<!-- This site is optimized with the Yoast SEO plugin v27.3 - https:\/\/yoast.com\/product\/yoast-seo-wordpress\/ -->\n<title>Plier en France &#8211; Mouvement Fran\u00e7ais des Plieurs de Papier<\/title>\n<meta name=\"robots\" content=\"index, follow, max-snippet:-1, max-image-preview:large, max-video-preview:-1\" \/>\n<link rel=\"canonical\" href=\"https:\/\/mfpp-origami.fr\/en\/plier-en-france\/\" \/>\n<meta property=\"og:locale\" content=\"en_US\" \/>\n<meta property=\"og:type\" content=\"article\" \/>\n<meta property=\"og:title\" content=\"Plier en France &#8211; Mouvement Fran\u00e7ais des Plieurs de Papier\" \/>\n<meta property=\"og:description\" content=\"%Pliez avec des origamistes de votre r\u00e9gion&nbsp;! De nombreuses associations et MJC proposent localement des ateliers d\u2019origami r\u00e9guliers. Le MFPP vous propose quelques adresses et contacts dans toute la France. Un club ou votre atelier n\u2019y figure pas&nbsp;? des informations &hellip; Continued\" \/>\n<meta property=\"og:url\" content=\"https:\/\/mfpp-origami.fr\/en\/plier-en-france\/\" \/>\n<meta property=\"og:site_name\" content=\"Mouvement Fran\u00e7ais des Plieurs de Papier\" \/>\n<meta property=\"article:publisher\" content=\"https:\/\/www.facebook.com\/mfpp.origami\" \/>\n<meta property=\"article:modified_time\" content=\"2021-11-01T09:58:37+00:00\" \/>\n<meta property=\"og:image\" content=\"https:\/\/mfpp-origami.fr\/media\/cropped-logo_mfpp_square512.png\" \/>\n\t<meta property=\"og:image:width\" content=\"512\" \/>\n\t<meta property=\"og:image:height\" content=\"512\" \/>\n\t<meta property=\"og:image:type\" content=\"image\/png\" \/>\n<meta name=\"twitter:card\" content=\"summary_large_image\" \/>\n<script type=\"application\/ld+json\" class=\"yoast-schema-graph\">{\"@context\":\"https:\\\/\\\/schema.org\",\"@graph\":[{\"@type\":\"WebPage\",\"@id\":\"https:\\\/\\\/mfpp-origami.fr\\\/en\\\/plier-en-france\\\/\",\"url\":\"https:\\\/\\\/mfpp-origami.fr\\\/en\\\/plier-en-france\\\/\",\"name\":\"Plier en France &#8211; Mouvement Fran\u00e7ais des Plieurs de Papier\",\"isPartOf\":{\"@id\":\"https:\\\/\\\/mfpp-origami.fr\\\/en\\\/#website\"},\"datePublished\":\"2021-10-30T12:16:40+00:00\",\"dateModified\":\"2021-11-01T09:58:37+00:00\",\"breadcrumb\":{\"@id\":\"https:\\\/\\\/mfpp-origami.fr\\\/en\\\/plier-en-france\\\/#breadcrumb\"},\"inLanguage\":\"en-US\",\"potentialAction\":[{\"@type\":\"ReadAction\",\"target\":[[\"https:\\\/\\\/mfpp-origami.fr\\\/en\\\/plier-en-france\\\/\"]]}]},{\"@type\":\"BreadcrumbList\",\"@id\":\"https:\\\/\\\/mfpp-origami.fr\\\/en\\\/plier-en-france\\\/#breadcrumb\",\"itemListElement\":[{\"@type\":\"ListItem\",\"position\":1,\"name\":\"Accueil\",\"item\":\"https:\\\/\\\/mfpp-origami.fr\\\/en\\\/\"},{\"@type\":\"ListItem\",\"position\":2,\"name\":\"Plier en France\"}]},{\"@type\":\"WebSite\",\"@id\":\"https:\\\/\\\/mfpp-origami.fr\\\/en\\\/#website\",\"url\":\"https:\\\/\\\/mfpp-origami.fr\\\/en\\\/\",\"name\":\"Mouvement Fran\u00e7ais des Plieurs de Papier\",\"description\":\"French association for the promotion of origami\",\"publisher\":{\"@id\":\"https:\\\/\\\/mfpp-origami.fr\\\/en\\\/#organization\"},\"potentialAction\":[{\"@type\":\"SearchAction\",\"target\":{\"@type\":\"EntryPoint\",\"urlTemplate\":\"https:\\\/\\\/mfpp-origami.fr\\\/en\\\/?s={search_term_string}\"},\"query-input\":{\"@type\":\"PropertyValueSpecification\",\"valueRequired\":true,\"valueName\":\"search_term_string\"}}],\"inLanguage\":\"en-US\"},{\"@type\":\"Organization\",\"@id\":\"https:\\\/\\\/mfpp-origami.fr\\\/en\\\/#organization\",\"name\":\"Mouvement fran\u00e7ais des plieurs de papier\",\"url\":\"https:\\\/\\\/mfpp-origami.fr\\\/en\\\/\",\"logo\":{\"@type\":\"ImageObject\",\"inLanguage\":\"en-US\",\"@id\":\"https:\\\/\\\/mfpp-origami.fr\\\/en\\\/#\\\/schema\\\/logo\\\/image\\\/\",\"url\":\"https:\\\/\\\/mfpp-origami.fr\\\/media\\\/logo_web.png\",\"contentUrl\":\"https:\\\/\\\/mfpp-origami.fr\\\/media\\\/logo_web.png\",\"width\":499,\"height\":167,\"caption\":\"Mouvement fran\u00e7ais des plieurs de papier\"},\"image\":{\"@id\":\"https:\\\/\\\/mfpp-origami.fr\\\/en\\\/#\\\/schema\\\/logo\\\/image\\\/\"},\"sameAs\":[\"https:\\\/\\\/www.facebook.com\\\/mfpp.origami\",\"https:\\\/\\\/www.instagram.com\\\/origami_mfpp\\\/\",\"https:\\\/\\\/www.youtube.com\\\/channel\\\/UC72tuiSDql1EMf0oLmjvV4w\"]}]}<\/script>\n<!-- \/ Yoast SEO plugin. -->","yoast_head_json":{"title":"Plier en France &#8211; Mouvement Fran\u00e7ais des Plieurs de Papier","robots":{"index":"index","follow":"follow","max-snippet":"max-snippet:-1","max-image-preview":"max-image-preview:large","max-video-preview":"max-video-preview:-1"},"canonical":"https:\/\/mfpp-origami.fr\/en\/plier-en-france\/","og_locale":"en_US","og_type":"article","og_title":"Plier en France &#8211; Mouvement Fran\u00e7ais des Plieurs de Papier","og_description":"%Pliez avec des origamistes de votre r\u00e9gion&nbsp;! De nombreuses associations et MJC proposent localement des ateliers d\u2019origami r\u00e9guliers. Le MFPP vous propose quelques adresses et contacts dans toute la France. Un club ou votre atelier n\u2019y figure pas&nbsp;? des informations &hellip; Continued","og_url":"https:\/\/mfpp-origami.fr\/en\/plier-en-france\/","og_site_name":"Mouvement Fran\u00e7ais des Plieurs de Papier","article_publisher":"https:\/\/www.facebook.com\/mfpp.origami","article_modified_time":"2021-11-01T09:58:37+00:00","og_image":[{"width":512,"height":512,"url":"https:\/\/mfpp-origami.fr\/media\/cropped-logo_mfpp_square512.png","type":"image\/png"}],"twitter_card":"summary_large_image","schema":{"@context":"https:\/\/schema.org","@graph":[{"@type":"WebPage","@id":"https:\/\/mfpp-origami.fr\/en\/plier-en-france\/","url":"https:\/\/mfpp-origami.fr\/en\/plier-en-france\/","name":"Plier en France &#8211; Mouvement Fran\u00e7ais des Plieurs de Papier","isPartOf":{"@id":"https:\/\/mfpp-origami.fr\/en\/#website"},"datePublished":"2021-10-30T12:16:40+00:00","dateModified":"2021-11-01T09:58:37+00:00","breadcrumb":{"@id":"https:\/\/mfpp-origami.fr\/en\/plier-en-france\/#breadcrumb"},"inLanguage":"en-US","potentialAction":[{"@type":"ReadAction","target":[["https:\/\/mfpp-origami.fr\/en\/plier-en-france\/"]]}]},{"@type":"BreadcrumbList","@id":"https:\/\/mfpp-origami.fr\/en\/plier-en-france\/#breadcrumb","itemListElement":[{"@type":"ListItem","position":1,"name":"Accueil","item":"https:\/\/mfpp-origami.fr\/en\/"},{"@type":"ListItem","position":2,"name":"Plier en France"}]},{"@type":"WebSite","@id":"https:\/\/mfpp-origami.fr\/en\/#website","url":"https:\/\/mfpp-origami.fr\/en\/","name":"Mouvement Fran\u00e7ais des Plieurs de Papier","description":"French association for the promotion of origami","publisher":{"@id":"https:\/\/mfpp-origami.fr\/en\/#organization"},"potentialAction":[{"@type":"SearchAction","target":{"@type":"EntryPoint","urlTemplate":"https:\/\/mfpp-origami.fr\/en\/?s={search_term_string}"},"query-input":{"@type":"PropertyValueSpecification","valueRequired":true,"valueName":"search_term_string"}}],"inLanguage":"en-US"},{"@type":"Organization","@id":"https:\/\/mfpp-origami.fr\/en\/#organization","name":"Mouvement fran\u00e7ais des plieurs de papier","url":"https:\/\/mfpp-origami.fr\/en\/","logo":{"@type":"ImageObject","inLanguage":"en-US","@id":"https:\/\/mfpp-origami.fr\/en\/#\/schema\/logo\/image\/","url":"https:\/\/mfpp-origami.fr\/media\/logo_web.png","contentUrl":"https:\/\/mfpp-origami.fr\/media\/logo_web.png","width":499,"height":167,"caption":"Mouvement fran\u00e7ais des plieurs de papier"},"image":{"@id":"https:\/\/mfpp-origami.fr\/en\/#\/schema\/logo\/image\/"},"sameAs":["https:\/\/www.facebook.com\/mfpp.origami","https:\/\/www.instagram.com\/origami_mfpp\/","https:\/\/www.youtube.com\/channel\/UC72tuiSDql1EMf0oLmjvV4w"]}]}},"_links":{"self":[{"href":"https:\/\/mfpp-origami.fr\/en\/wp-json\/wp\/v2\/pages\/8466","targetHints":{"allow":["GET"]}}],"collection":[{"href":"https:\/\/mfpp-origami.fr\/en\/wp-json\/wp\/v2\/pages"}],"about":[{"href":"https:\/\/mfpp-origami.fr\/en\/wp-json\/wp\/v2\/types\/page"}],"author":[{"embeddable":true,"href":"https:\/\/mfpp-origami.fr\/en\/wp-json\/wp\/v2\/users\/1"}],"replies":[{"embeddable":true,"href":"https:\/\/mfpp-origami.fr\/en\/wp-json\/wp\/v2\/comments?post=8466"}],"version-history":[{"count":0,"href":"https:\/\/mfpp-origami.fr\/en\/wp-json\/wp\/v2\/pages\/8466\/revisions"}],"wp:attachment":[{"href":"https:\/\/mfpp-origami.fr\/en\/wp-json\/wp\/v2\/media?parent=8466"}],"curies":[{"name":"wp","href":"https:\/\/api.w.org\/{rel}","templated":true}]}}