
{"id":610,"date":"2014-01-04T11:57:26","date_gmt":"2014-01-04T10:57:26","guid":{"rendered":"http:\/\/mfpp-origami.fr\/?page_id=610"},"modified":"2021-05-25T13:25:28","modified_gmt":"2021-05-25T11:25:28","slug":"mentions-legales","status":"publish","type":"page","link":"https:\/\/mfpp-origami.fr\/en\/accueil\/mentions-legales\/","title":{"rendered":"Legal notices"},"content":{"rendered":"<p class=\"qtranxs-available-languages-message qtranxs-available-languages-message-en\">%<\/p><p><\/p>\n<h2>Pr\u00e9sentation du&nbsp;site<\/h2>\n<p>En vertu de l\u2019article 6&nbsp;de la loi n\u00b0 2004\u200a\u2013\u200a575 du 21 juin 2004 pour la confiance dans l\u2019\u00e9conomie num\u00e9rique, il est pr\u00e9cis\u00e9 aux utilisateurs du site <a title=\"Mouvement fran\u00e7ais des plieurs de papier - www.mfpp-origami.fr\" href=\"http:\/\/www.mfpp-origami.fr\/\">www.mfpp-origami.fr<\/a> l\u2019identit\u00e9 des diff\u00e9rents intervenants dans le cadre de sa r\u00e9alisation et de son&nbsp;suivi&nbsp;:<\/p>\n<p><strong>Propri\u00e9taire<\/strong>&nbsp;: Mouvement fran\u00e7ais des plieurs de papier \u2013 association loi 1901 \u2013 56 rue Coriolis, 75012&nbsp;Paris<br>\n<strong>Cr\u00e9ateur<\/strong>&nbsp;: <a href=\"http:\/\/louiseveillard.com\">Louis \u00c9veillard<\/a> et <a href=\"http:\/\/aureleduda.com\">Aur\u00e8le Duda<\/a><br>\n<strong>Responsable publication<\/strong>&nbsp;: Mouvement fran\u00e7ais des plieurs de papier \u2013 contact@mfpp-origami.fr<br> Le responsable publication est une personne physique ou une personne morale.<br>\n<strong>Webmaster<\/strong>&nbsp;: Aur\u00e8le Duda \u2013 contact@aureleduda.com<br>\n<strong>H\u00e9bergeur<\/strong>&nbsp;: PlanetHoster \u2013 4416 Louis\u2011B.-Mayer \u2013 Laval, Qu\u00e9bec \u2013 Canada<br> H7P&nbsp;0G1<br> Cr\u00e9dits&nbsp;: les mentions l\u00e9gales ont \u00e9t\u00e9s g\u00e9n\u00e9r\u00e9es et offertes par Subdelirium <a href=\"http:\/\/www.subdelirium.com\/competences\/creation-de-sites-web\/creation-de-site-internet-en-charente\/creation-de-site-internet-cognac\/\" target=\"_blank\" rel=\"noopener\">cr\u00e9ation de site web Cognac<\/a><\/p>\n<h2>Conditions g\u00e9n\u00e9rales d\u2019utilisation du site et des services propos\u00e9s<\/h2>\n<p>L\u2019utilisation du site <a title=\"Mouvement fran\u00e7ais des plieurs de papier - www.mfpp-origami.fr\" href=\"http:\/\/www.mfpp-origami.fr\/\">www.mfpp-origami.fr<\/a> implique l\u2019acceptation pleine et enti\u00e8re des conditions g\u00e9n\u00e9rales d\u2019utilisation ci-apr\u00e8s d\u00e9crites. Ces conditions d\u2019utilisation sont susceptibles d\u2019\u00eatre modifi\u00e9es ou compl\u00e9t\u00e9es \u00e0&nbsp;tout moment, les utilisateurs du site <a title=\"Mouvement fran\u00e7ais des plieurs de papier - www.mfpp-origami.fr\" href=\"http:\/\/www.mfpp-origami.fr\/\">www.mfpp-origami.fr<\/a> sont donc invit\u00e9s \u00e0&nbsp;les consulter de mani\u00e8re r\u00e9guli\u00e8re.<\/p>\n<p>Ce site est normalement accessible \u00e0&nbsp;tout moment aux utilisateurs. Une interruption pour raison de maintenance technique peut \u00eatre toutefois d\u00e9cid\u00e9e par Mouvement fran\u00e7ais des plieurs de papier, qui s\u2019efforcera alors de communiquer pr\u00e9alablement aux utilisateurs les dates et heures de l\u2019intervention.<\/p>\n<p>Le site <a title=\"Mouvement fran\u00e7ais des plieurs de papier - www.mfpp-origami.fr\" href=\"http:\/\/www.mfpp-origami.fr\/\">www.mfpp-origami.fr<\/a> est mis \u00e0&nbsp;jour r\u00e9guli\u00e8rement par Aur\u00e8le Duda. De la m\u00eame fa\u00e7on, les mentions l\u00e9gales peuvent \u00eatre modifi\u00e9es \u00e0&nbsp;tout moment&nbsp;: elles s\u2019imposent n\u00e9anmoins \u00e0&nbsp;l\u2019utilisateur qui est invit\u00e9 \u00e0&nbsp;s\u2019y r\u00e9f\u00e9rer le plus souvent possible afin d\u2019en prendre connaissance.<\/p>\n<h2>Description des services fournis<\/h2>\n<p>Le site <a title=\"Mouvement fran\u00e7ais des plieurs de papier - www.mfpp-origami.fr\" href=\"http:\/\/www.mfpp-origami.fr\/\">www.mfpp-origami.fr<\/a> a&nbsp;pour objet de fournir une information concernant l\u2019ensemble des activit\u00e9s de la soci\u00e9t\u00e9.<\/p>\n<p>Le Mouvement fran\u00e7ais des plieurs de papier s\u2019efforce de fournir sur le site <a title=\"Mouvement fran\u00e7ais des plieurs de papier - www.mfpp-origami.fr\" href=\"http:\/\/www.mfpp-origami.fr\/\">www.mfpp-origami.fr<\/a> des informations aussi pr\u00e9cises que possible. Toutefois, il ne pourra \u00eatre tenue responsable des omissions, des inexactitudes et des carences dans la mise \u00e0&nbsp;jour, qu\u2019elles soient de son fait ou du fait des tiers partenaires qui lui fournissent ces informations.<\/p>\n<p>Tous les informations indiqu\u00e9es sur le site <a title=\"Mouvement fran\u00e7ais des plieurs de papier - www.mfpp-origami.fr\" href=\"http:\/\/www.mfpp-origami.fr\/\">www.mfpp-origami.fr<\/a> sont donn\u00e9es \u00e0&nbsp;titre indicatif, et sont susceptibles d\u2019\u00e9voluer. Par ailleurs, les renseignements figurant sur le site <a title=\"Mouvement fran\u00e7ais des plieurs de papier - www.mfpp-origami.fr\" href=\"http:\/\/www.mfpp-origami.fr\/\">www.mfpp-origami.fr<\/a> ne sont pas exhaustifs. Ils sont donn\u00e9s sous r\u00e9serve de modifications ayant \u00e9t\u00e9 apport\u00e9es depuis leur mise en&nbsp;ligne.<\/p>\n<h2>Limitations contractuelles sur les donn\u00e9es techniques<\/h2>\n<p>Le site utilise la technologie JavaScript.<\/p>\n<p>Le site Internet ne pourra \u00eatre tenu responsable de dommages mat\u00e9riels li\u00e9s \u00e0&nbsp;l\u2019utilisation du site. De plus, l\u2019utilisateur du site s\u2019engage \u00e0&nbsp;acc\u00e9der au site en utilisant un mat\u00e9riel r\u00e9cent, ne contenant pas de virus et avec un navigateur de derni\u00e8re g\u00e9n\u00e9ration mis-\u00e0-jour<\/p>\n<h2>Propri\u00e9t\u00e9 intellectuelle et contrefa\u00e7ons<\/h2>\n<p>Mouvement fran\u00e7ais des plieurs de papier est propri\u00e9taire des droits de propri\u00e9t\u00e9 intellectuelle ou d\u00e9tient les droits d\u2019usage sur tous les \u00e9l\u00e9ments accessibles sur le site, notamment les textes, images, graphismes, logo, ic\u00f4nes, sons, logiciels.<\/p>\n<p>Toute reproduction, repr\u00e9sentation, modification, publication, adaptation de tout ou partie des \u00e9l\u00e9ments du site, quel que soit le moyen ou le proc\u00e9d\u00e9 utilis\u00e9, est interdite, sauf autorisation \u00e9crite pr\u00e9alable de&nbsp;: Mouvement fran\u00e7ais des plieurs de papier.<\/p>\n<p>Toute exploitation non autoris\u00e9e du site ou de l\u2019un quelconque des \u00e9l\u00e9ments qu\u2019il contient sera consid\u00e9r\u00e9e comme constitutive d\u2019une contrefa\u00e7on et poursuivie conform\u00e9ment aux dispositions des articles L.335\u200a\u2013\u200a2 et suivants du Code de Propri\u00e9t\u00e9 Intellectuelle.<\/p>\n<h2>Limitations de responsabilit\u00e9<\/h2>\n<p>Mouvement fran\u00e7ais des plieurs de papier ne pourra \u00eatre tenue responsable des dommages directs et indirects caus\u00e9s au mat\u00e9riel de l\u2019utilisateur, lors de l\u2019acc\u00e8s au site www.mfpp-origami.fr, et r\u00e9sultant soit de l\u2019utilisation d\u2019un mat\u00e9riel ne r\u00e9pondant pas aux sp\u00e9cifications indiqu\u00e9es au point 4, soit de l\u2019apparition d\u2019un bug ou d\u2019une incompatibilit\u00e9.<\/p>\n<p>Mouvement fran\u00e7ais des plieurs de papier ne pourra \u00e9galement \u00eatre tenue responsable des dommages indirects (tels par exemple qu\u2019une perte de march\u00e9 ou perte d\u2019une chance) cons\u00e9cutifs \u00e0&nbsp;l\u2019utilisation du site <a title=\"Mouvement fran\u00e7ais des plieurs de papier - www.mfpp-origami.fr\" href=\"http:\/\/www.mfpp-origami.fr\/\">www.mfpp-origami.fr<\/a>.<\/p>\n<p>Des espaces interactifs (possibilit\u00e9 de poser des questions dans l\u2019espace contact) sont \u00e0&nbsp;la disposition des utilisateurs. Mouvement fran\u00e7ais des plieurs de papier se r\u00e9serve le droit de supprimer, sans mise en demeure pr\u00e9alable, tout contenu d\u00e9pos\u00e9 dans cet espace qui contreviendrait \u00e0&nbsp;la l\u00e9gislation applicable en France, en particulier aux dispositions relatives \u00e0&nbsp;la protection des donn\u00e9es. Le cas \u00e9ch\u00e9ant, Mouvement fran\u00e7ais des plieurs de papier se r\u00e9serve \u00e9galement la possibilit\u00e9 de mettre en cause la responsabilit\u00e9 civile et\/ou p\u00e9nale de l\u2019utilisateur, notamment en cas de message \u00e0&nbsp;caract\u00e8re raciste, injurieux, diffamant, ou pornographique, quel que soit le support utilis\u00e9 (texte, photographie\u2026).<\/p>\n<h2>Gestion des donn\u00e9es personnelles<\/h2>\n<p>En France, les donn\u00e9es personnelles sont notamment prot\u00e9g\u00e9es par la loi n\u00b0 78\u200a\u2013\u200a87 du 6&nbsp;janvier 1978, la loi n\u00b0 2004\u200a\u2013\u200a801 du 6&nbsp;ao\u00fbt 2004, l\u2019article L. 226\u200a\u2013\u200a13 du Code p\u00e9nal et la Directive Europ\u00e9enne du 24 octobre 1995.<\/p>\n<p>A l\u2019occasion de l\u2019utilisation du site <a title=\"Mouvement fran\u00e7ais des plieurs de papier - www.mfpp-origami.fr\" href=\"http:\/\/www.mfpp-origami.fr\/\">www.mfpp-origami.fr<\/a>, peuvent \u00eatres recueillies&nbsp;: l\u2019URL des liens par l\u2019interm\u00e9diaire desquels l\u2019utilisateur a&nbsp;acc\u00e9d\u00e9 au site <a title=\"Mouvement fran\u00e7ais des plieurs de papier - www.mfpp-origami.fr\" href=\"http:\/\/www.mfpp-origami.fr\/\">www.mfpp-origami.fr<\/a>, le fournisseur d\u2019acc\u00e8s de l\u2019utilisateur, l\u2019adresse de protocole Internet (IP) de l\u2019utilisateur.<\/p>\n<p>En tout \u00e9tat de cause Mouvement fran\u00e7ais des plieurs de papier ne collecte des informations personnelles relatives \u00e0&nbsp;l\u2019utilisateur que pour le besoin de certains services propos\u00e9s par le site <a title=\"Mouvement fran\u00e7ais des plieurs de papier - www.mfpp-origami.fr\" href=\"http:\/\/www.mfpp-origami.fr\/\">www.mfpp-origami.fr<\/a>. L\u2019utilisateur fournit ces informations en toute connaissance de cause, notamment lorsqu\u2019il proc\u00e8de par lui-m\u00eame \u00e0&nbsp;leur saisie. Il est alors pr\u00e9cis\u00e9 \u00e0&nbsp;l\u2019utilisateur du site <a title=\"Mouvement fran\u00e7ais des plieurs de papier - www.mfpp-origami.fr\" href=\"http:\/\/www.mfpp-origami.fr\/\">www.mfpp-origami.fr<\/a> l\u2019obligation ou non de fournir ces informations.<\/p>\n<p>Conform\u00e9ment aux dispositions des articles 38 et suivants de la loi 78\u200a\u2013\u200a17 du 6&nbsp;janvier 1978 relative \u00e0&nbsp;l\u2019informatique, aux fichiers et aux libert\u00e9s, tout utilisateur dispose d\u2019un droit d\u2019acc\u00e8s, de rectification et d\u2019opposition aux donn\u00e9es personnelles le concernant, en effectuant sa demande \u00e9crite et sign\u00e9e, accompagn\u00e9e d\u2019une copie du titre d\u2019identit\u00e9 avec signature du titulaire de la pi\u00e8ce, en pr\u00e9cisant l\u2019adresse \u00e0&nbsp;laquelle la r\u00e9ponse doit \u00eatre envoy\u00e9e.<\/p>\n<p>Aucune information personnelle de l\u2019utilisateur du site <a title=\"Mouvement fran\u00e7ais des plieurs de papier - www.mfpp-origami.fr\" href=\"http:\/\/www.mfpp-origami.fr\/\">www.mfpp-origami.fr<\/a> n\u2019est publi\u00e9e \u00e0&nbsp;l\u2019insu de l\u2019utilisateur, \u00e9chang\u00e9e, transf\u00e9r\u00e9e, c\u00e9d\u00e9e ou vendue sur un support quelconque \u00e0&nbsp;des tiers. Seule l\u2019hypoth\u00e8se du rachat de Mouvement fran\u00e7ais des plieurs de papier et de ses droits permettrait la transmission des dites informations \u00e0&nbsp;l\u2019\u00e9ventuel acqu\u00e9reur qui serait \u00e0&nbsp;son tour tenu de la m\u00eame obligation de conservation et de modification des donn\u00e9es vis \u00e0&nbsp;vis de l\u2019utilisateur du site <a title=\"Mouvement fran\u00e7ais des plieurs de papier - www.mfpp-origami.fr\" href=\"http:\/\/www.mfpp-origami.fr\/\">www.mfpp-origami.fr<\/a>.<\/p>\n<p>Les bases de donn\u00e9es sont prot\u00e9g\u00e9es par les dispositions de la loi du 1<sup class=\"ordinal\">er<\/sup> juillet 1998 transposant la directive 96\/9 du 11 mars 1996 relative \u00e0&nbsp;la protection juridique des bases de donn\u00e9es.<\/p>\n<h2>Liens hypertextes et cookies<\/h2>\n<p>Le site <a title=\"Mouvement fran\u00e7ais des plieurs de papier - www.mfpp-origami.fr\" href=\"http:\/\/www.mfpp-origami.fr\/\">www.mfpp-origami.fr<\/a> contient un certain nombre de liens hypertextes vers d\u2019autres sites, mis en place avec l\u2019autorisation de Mouvement fran\u00e7ais des plieurs de papier. Cependant, Mouvement fran\u00e7ais des plieurs de papier n\u2019a pas la possibilit\u00e9 de v\u00e9rifier le contenu des sites ainsi visit\u00e9s, et n\u2019assumera en cons\u00e9quence aucune responsabilit\u00e9 de ce&nbsp;fait.<\/p>\n<p>La navigation sur le site <a title=\"Mouvement fran\u00e7ais des plieurs de papier - www.mfpp-origami.fr\" href=\"http:\/\/www.mfpp-origami.fr\/\">www.mfpp-origami.fr<\/a> est susceptible de provoquer l\u2019installation de cookie(s) sur l\u2019ordinateur de l\u2019utilisateur. Un cookie est un fichier de petite taille, qui ne permet pas l\u2019identification de l\u2019utilisateur, mais qui enregistre des informations relatives \u00e0&nbsp;la navigation d\u2019un ordinateur sur un site. Les donn\u00e9es ainsi obtenues visent \u00e0&nbsp;faciliter la navigation ult\u00e9rieure sur le site, et ont \u00e9galement vocation \u00e0&nbsp;permettre diverses mesures de fr\u00e9quentation.<\/p>\n<p>Le refus d\u2019installation d\u2019un cookie peut entra\u00eener l\u2019impossibilit\u00e9 d\u2019acc\u00e9der \u00e0&nbsp;certains services. L\u2019utilisateur peut toutefois configurer son ordinateur de la mani\u00e8re suivante, pour refuser l\u2019installation des cookies.<\/p>\n<h2>Droit applicable et attribution de juridiction<\/h2>\n<p>Tout litige en relation avec l\u2019utilisation du site <a title=\"Mouvement fran\u00e7ais des plieurs de papier - www.mfpp-origami.fr\" href=\"http:\/\/www.mfpp-origami.fr\/\">www.mfpp-origami.fr<\/a> est soumis au droit fran\u00e7ais. Il est fait attribution exclusive de juridiction aux tribunaux comp\u00e9tents de&nbsp;Paris.<\/p>\n<h2>Les principales lois concern\u00e9es<\/h2>\n<p>Loi n\u00b0 78\u200a\u2013\u200a87 du 6&nbsp;janvier 1978, notamment modifi\u00e9e par la loi n\u00b0 2004\u200a\u2013\u200a801 du 6&nbsp;ao\u00fbt 2004 relative \u00e0&nbsp;l\u2019informatique, aux fichiers et aux libert\u00e9s.<\/p>\n<p>Loi n\u00b0 2004\u200a\u2013\u200a575 du 21 juin 2004 pour la confiance dans l\u2019\u00e9conomie num\u00e9rique.<\/p>\n<h3>Lexique<\/h3>\n<p>Utilisateur&nbsp;: Internaute se connectant, utilisant le site susnomm\u00e9.<\/p>\n<p>Informations personnelles&nbsp;: \u00ab&nbsp;les informations qui permettent, sous quelque forme que ce soit, directement ou non, l\u2019identification des personnes physiques auxquelles elles s\u2019appliquent&nbsp;\u00bb (article 4&nbsp;de la loi n\u00b0 78\u200a\u2013\u200a17 du 6&nbsp;janvier 1978).<\/p>","protected":false},"excerpt":{"rendered":"<p>% Pr\u00e9sentation du&nbsp;site En vertu de l\u2019article 6&nbsp;de la loi n\u00b0 2004 \u2013 575 du 21 juin 2004 pour la confiance dans l\u2019\u00e9conomie num\u00e9rique, il est pr\u00e9cis\u00e9 aux utilisateurs du site www.mfpp-origami.fr l\u2019identit\u00e9 des diff\u00e9rents intervenants dans le cadre de sa r\u00e9alisation \u2026 <a href=\"https:\/\/mfpp-origami.fr\/en\/accueil\/mentions-legales\/\">Continued<\/a><\/p>\n","protected":false},"author":1,"featured_media":0,"parent":264,"menu_order":0,"comment_status":"closed","ping_status":"closed","template":"","meta":{"_acf_changed":false,"wp_typography_post_enhancements_disabled":false,"ngg_post_thumbnail":0,"__cvm_playback_settings":[],"__cvm_video_id":"","footnotes":""},"class_list":["post-610","page","type-page","status-publish","hentry"],"acf":[],"yoast_head":"<!-- This site is optimized with the Yoast SEO plugin v27.4 - https:\/\/yoast.com\/product\/yoast-seo-wordpress\/ -->\n<title>Legal notices &#8211; Mouvement Fran\u00e7ais des Plieurs de Papier<\/title>\n<meta name=\"robots\" content=\"index, follow, max-snippet:-1, max-image-preview:large, max-video-preview:-1\" \/>\n<link rel=\"canonical\" href=\"https:\/\/mfpp-origami.fr\/en\/accueil\/mentions-legales\/\" \/>\n<meta property=\"og:locale\" content=\"en_US\" \/>\n<meta property=\"og:type\" content=\"article\" \/>\n<meta property=\"og:title\" content=\"Legal notices &#8211; Mouvement Fran\u00e7ais des Plieurs de Papier\" \/>\n<meta property=\"og:description\" content=\"% Pr\u00e9sentation du&nbsp;site En vertu de l\u2019article 6&nbsp;de la loi n\u00b0 2004\u200a\u2013\u200a575 du 21 juin 2004 pour la confiance dans l\u2019\u00e9conomie num\u00e9rique, il est pr\u00e9cis\u00e9 aux utilisateurs du site www.mfpp-origami.fr l\u2019identit\u00e9 des diff\u00e9rents intervenants dans le cadre de sa r\u00e9alisation &hellip; Continued\" \/>\n<meta property=\"og:url\" content=\"https:\/\/mfpp-origami.fr\/en\/accueil\/mentions-legales\/\" \/>\n<meta property=\"og:site_name\" content=\"Mouvement Fran\u00e7ais des Plieurs de Papier\" \/>\n<meta property=\"article:publisher\" content=\"https:\/\/www.facebook.com\/mfpp.origami\" \/>\n<meta property=\"article:modified_time\" content=\"2021-05-25T11:25:28+00:00\" \/>\n<meta property=\"og:image\" content=\"https:\/\/mfpp-origami.fr\/media\/cropped-logo_mfpp_square512.png\" \/>\n\t<meta property=\"og:image:width\" content=\"512\" \/>\n\t<meta property=\"og:image:height\" content=\"512\" \/>\n\t<meta property=\"og:image:type\" content=\"image\/png\" \/>\n<meta name=\"twitter:card\" content=\"summary_large_image\" \/>\n<meta name=\"twitter:label1\" content=\"Est. reading time\" \/>\n\t<meta name=\"twitter:data1\" content=\"6 minutes\" \/>\n<script type=\"application\/ld+json\" class=\"yoast-schema-graph\">{\"@context\":\"https:\\\/\\\/schema.org\",\"@graph\":[{\"@type\":\"WebPage\",\"@id\":\"https:\\\/\\\/mfpp-origami.fr\\\/en\\\/accueil\\\/mentions-legales\\\/\",\"url\":\"https:\\\/\\\/mfpp-origami.fr\\\/en\\\/accueil\\\/mentions-legales\\\/\",\"name\":\"Legal notices &#8211; Mouvement Fran\u00e7ais des Plieurs de Papier\",\"isPartOf\":{\"@id\":\"https:\\\/\\\/mfpp-origami.fr\\\/en\\\/#website\"},\"datePublished\":\"2014-01-04T10:57:26+00:00\",\"dateModified\":\"2021-05-25T11:25:28+00:00\",\"breadcrumb\":{\"@id\":\"https:\\\/\\\/mfpp-origami.fr\\\/en\\\/accueil\\\/mentions-legales\\\/#breadcrumb\"},\"inLanguage\":\"en-US\",\"potentialAction\":[{\"@type\":\"ReadAction\",\"target\":[[\"https:\\\/\\\/mfpp-origami.fr\\\/en\\\/accueil\\\/mentions-legales\\\/\"]]}]},{\"@type\":\"BreadcrumbList\",\"@id\":\"https:\\\/\\\/mfpp-origami.fr\\\/en\\\/accueil\\\/mentions-legales\\\/#breadcrumb\",\"itemListElement\":[{\"@type\":\"ListItem\",\"position\":1,\"name\":\"Accueil\",\"item\":\"https:\\\/\\\/mfpp-origami.fr\\\/en\\\/\"},{\"@type\":\"ListItem\",\"position\":2,\"name\":\"Accueil\",\"item\":\"https:\\\/\\\/mfpp-origami.fr\\\/en\\\/\"},{\"@type\":\"ListItem\",\"position\":3,\"name\":\"Mentions l\u00e9gales\"}]},{\"@type\":\"WebSite\",\"@id\":\"https:\\\/\\\/mfpp-origami.fr\\\/en\\\/#website\",\"url\":\"https:\\\/\\\/mfpp-origami.fr\\\/en\\\/\",\"name\":\"Mouvement Fran\u00e7ais des Plieurs de Papier\",\"description\":\"French association for the promotion of origami\",\"publisher\":{\"@id\":\"https:\\\/\\\/mfpp-origami.fr\\\/en\\\/#organization\"},\"potentialAction\":[{\"@type\":\"SearchAction\",\"target\":{\"@type\":\"EntryPoint\",\"urlTemplate\":\"https:\\\/\\\/mfpp-origami.fr\\\/en\\\/?s={search_term_string}\"},\"query-input\":{\"@type\":\"PropertyValueSpecification\",\"valueRequired\":true,\"valueName\":\"search_term_string\"}}],\"inLanguage\":\"en-US\"},{\"@type\":\"Organization\",\"@id\":\"https:\\\/\\\/mfpp-origami.fr\\\/en\\\/#organization\",\"name\":\"Mouvement fran\u00e7ais des plieurs de papier\",\"url\":\"https:\\\/\\\/mfpp-origami.fr\\\/en\\\/\",\"logo\":{\"@type\":\"ImageObject\",\"inLanguage\":\"en-US\",\"@id\":\"https:\\\/\\\/mfpp-origami.fr\\\/en\\\/#\\\/schema\\\/logo\\\/image\\\/\",\"url\":\"https:\\\/\\\/mfpp-origami.fr\\\/media\\\/logo_web.png\",\"contentUrl\":\"https:\\\/\\\/mfpp-origami.fr\\\/media\\\/logo_web.png\",\"width\":499,\"height\":167,\"caption\":\"Mouvement fran\u00e7ais des plieurs de papier\"},\"image\":{\"@id\":\"https:\\\/\\\/mfpp-origami.fr\\\/en\\\/#\\\/schema\\\/logo\\\/image\\\/\"},\"sameAs\":[\"https:\\\/\\\/www.facebook.com\\\/mfpp.origami\",\"https:\\\/\\\/www.instagram.com\\\/origami_mfpp\\\/\",\"https:\\\/\\\/www.youtube.com\\\/channel\\\/UC72tuiSDql1EMf0oLmjvV4w\"]}]}<\/script>\n<!-- \/ Yoast SEO plugin. -->","yoast_head_json":{"title":"Legal notices &#8211; Mouvement Fran\u00e7ais des Plieurs de Papier","robots":{"index":"index","follow":"follow","max-snippet":"max-snippet:-1","max-image-preview":"max-image-preview:large","max-video-preview":"max-video-preview:-1"},"canonical":"https:\/\/mfpp-origami.fr\/en\/accueil\/mentions-legales\/","og_locale":"en_US","og_type":"article","og_title":"Legal notices &#8211; Mouvement Fran\u00e7ais des Plieurs de Papier","og_description":"% Pr\u00e9sentation du&nbsp;site En vertu de l\u2019article 6&nbsp;de la loi n\u00b0 2004\u200a\u2013\u200a575 du 21 juin 2004 pour la confiance dans l\u2019\u00e9conomie num\u00e9rique, il est pr\u00e9cis\u00e9 aux utilisateurs du site www.mfpp-origami.fr l\u2019identit\u00e9 des diff\u00e9rents intervenants dans le cadre de sa r\u00e9alisation &hellip; Continued","og_url":"https:\/\/mfpp-origami.fr\/en\/accueil\/mentions-legales\/","og_site_name":"Mouvement Fran\u00e7ais des Plieurs de Papier","article_publisher":"https:\/\/www.facebook.com\/mfpp.origami","article_modified_time":"2021-05-25T11:25:28+00:00","og_image":[{"width":512,"height":512,"url":"https:\/\/mfpp-origami.fr\/media\/cropped-logo_mfpp_square512.png","type":"image\/png"}],"twitter_card":"summary_large_image","twitter_misc":{"Est. reading time":"6 minutes"},"schema":{"@context":"https:\/\/schema.org","@graph":[{"@type":"WebPage","@id":"https:\/\/mfpp-origami.fr\/en\/accueil\/mentions-legales\/","url":"https:\/\/mfpp-origami.fr\/en\/accueil\/mentions-legales\/","name":"Legal notices &#8211; Mouvement Fran\u00e7ais des Plieurs de Papier","isPartOf":{"@id":"https:\/\/mfpp-origami.fr\/en\/#website"},"datePublished":"2014-01-04T10:57:26+00:00","dateModified":"2021-05-25T11:25:28+00:00","breadcrumb":{"@id":"https:\/\/mfpp-origami.fr\/en\/accueil\/mentions-legales\/#breadcrumb"},"inLanguage":"en-US","potentialAction":[{"@type":"ReadAction","target":[["https:\/\/mfpp-origami.fr\/en\/accueil\/mentions-legales\/"]]}]},{"@type":"BreadcrumbList","@id":"https:\/\/mfpp-origami.fr\/en\/accueil\/mentions-legales\/#breadcrumb","itemListElement":[{"@type":"ListItem","position":1,"name":"Accueil","item":"https:\/\/mfpp-origami.fr\/en\/"},{"@type":"ListItem","position":2,"name":"Accueil","item":"https:\/\/mfpp-origami.fr\/en\/"},{"@type":"ListItem","position":3,"name":"Mentions l\u00e9gales"}]},{"@type":"WebSite","@id":"https:\/\/mfpp-origami.fr\/en\/#website","url":"https:\/\/mfpp-origami.fr\/en\/","name":"Mouvement Fran\u00e7ais des Plieurs de Papier","description":"French association for the promotion of origami","publisher":{"@id":"https:\/\/mfpp-origami.fr\/en\/#organization"},"potentialAction":[{"@type":"SearchAction","target":{"@type":"EntryPoint","urlTemplate":"https:\/\/mfpp-origami.fr\/en\/?s={search_term_string}"},"query-input":{"@type":"PropertyValueSpecification","valueRequired":true,"valueName":"search_term_string"}}],"inLanguage":"en-US"},{"@type":"Organization","@id":"https:\/\/mfpp-origami.fr\/en\/#organization","name":"Mouvement fran\u00e7ais des plieurs de papier","url":"https:\/\/mfpp-origami.fr\/en\/","logo":{"@type":"ImageObject","inLanguage":"en-US","@id":"https:\/\/mfpp-origami.fr\/en\/#\/schema\/logo\/image\/","url":"https:\/\/mfpp-origami.fr\/media\/logo_web.png","contentUrl":"https:\/\/mfpp-origami.fr\/media\/logo_web.png","width":499,"height":167,"caption":"Mouvement fran\u00e7ais des plieurs de papier"},"image":{"@id":"https:\/\/mfpp-origami.fr\/en\/#\/schema\/logo\/image\/"},"sameAs":["https:\/\/www.facebook.com\/mfpp.origami","https:\/\/www.instagram.com\/origami_mfpp\/","https:\/\/www.youtube.com\/channel\/UC72tuiSDql1EMf0oLmjvV4w"]}]}},"_links":{"self":[{"href":"https:\/\/mfpp-origami.fr\/en\/wp-json\/wp\/v2\/pages\/610","targetHints":{"allow":["GET"]}}],"collection":[{"href":"https:\/\/mfpp-origami.fr\/en\/wp-json\/wp\/v2\/pages"}],"about":[{"href":"https:\/\/mfpp-origami.fr\/en\/wp-json\/wp\/v2\/types\/page"}],"author":[{"embeddable":true,"href":"https:\/\/mfpp-origami.fr\/en\/wp-json\/wp\/v2\/users\/1"}],"replies":[{"embeddable":true,"href":"https:\/\/mfpp-origami.fr\/en\/wp-json\/wp\/v2\/comments?post=610"}],"version-history":[{"count":0,"href":"https:\/\/mfpp-origami.fr\/en\/wp-json\/wp\/v2\/pages\/610\/revisions"}],"up":[{"embeddable":true,"href":"https:\/\/mfpp-origami.fr\/en\/wp-json\/wp\/v2\/pages\/264"}],"wp:attachment":[{"href":"https:\/\/mfpp-origami.fr\/en\/wp-json\/wp\/v2\/media?parent=610"}],"curies":[{"name":"wp","href":"https:\/\/api.w.org\/{rel}","templated":true}]}}