
{"id":3467,"date":"2015-12-01T18:29:08","date_gmt":"2015-12-01T17:29:08","guid":{"rendered":"http:\/\/mfpp-origami.fr\/?page_id=3467"},"modified":"2020-05-22T10:08:55","modified_gmt":"2020-05-22T08:08:55","slug":"paiement","status":"publish","type":"page","link":"https:\/\/mfpp-origami.fr\/en\/paiement\/","title":{"rendered":"Paiement des cotisations et&nbsp;dons"},"content":{"rendered":"<p>Thank you for your support&nbsp;! You just have to make the payment by choosing one of the means offered. <a href=\"http:\/\/mfpp-origami.fr\/contact\" target=\"_blank\" rel=\"noopener noreferrer\">Contact us<\/a> if you have any problems&nbsp;!<\/p>\n<h3>Pay your membership or donation with Paypal<\/h3>\n<p>[wp_paypal_payment_box email=\u00ab&nbsp;gestion@mfpp-origami.fr&nbsp;\u00bb options=\u00ab&nbsp;Full membership:45.00|Simple membership:30.00|Benefactor member:90.00&nbsp;\u00bb currency=\u00ab&nbsp;EUR&nbsp;\u00bb reference =\u00ab&nbsp;R\u00e9f\u00e9rences (ADHESION2020 Your name) ou DON&nbsp;\u00bb cancel_url=\u00ab&nbsp;https:\/\/mfpp-origami.fr\/adhesion-readhesion\/paiement-erreur\/&nbsp;\u00bb return=\u00ab&nbsp;https:\/\/mfpp-origami.fr\/adhesion-readhesion\/paiement-ok\/&nbsp;\u00bb other_amount=true other_amount_label=\u00ab&nbsp;Other amount&nbsp;\u00bb country_code=\u00ab&nbsp;FR&nbsp;\u00bb]<\/p>\n<h3>Pay your membership or donation by bank transfer<\/h3>\n<p>Make a&nbsp;transfer in euros of the amount of the subscription chosen to the MFPP account at Soci\u00e9t\u00e9 G\u00e9n\u00e9rale Paris Daumesnil.<br> You can send us an email announcing the transfer to contact@mfpp-origami.fr.<br> MOTIF&nbsp;: ADHESION2020 (indiquez votre nom !) ou&nbsp;DON<br> IBAN&nbsp;: FR76300030347000050336102 21<br> BIC&nbsp;: SOGEFRPP<\/p>\n<h3>Pay your membership or donation by bank or postal check<\/h3>\n<p>Send a&nbsp;bank or postal check (France only) for the amount of the subscription, indicating \u00ab&nbsp;ADHESION2020&nbsp;\u00bb or \u00ab&nbsp;DON&nbsp;\u00bb on the back of the check, to the association\u2019s address&nbsp;:<br> French Movement of the Folders of Papers, 56 rue Coriolis, 75012 Paris, France<br> You can send us an email to announce the sending of the mail to contact@mfpp-origami.fr.<\/p>\n<h3>Pay your membership or donation by&nbsp;cash<\/h3>\n<p>Only local during the permanence.<\/p>","protected":false},"excerpt":{"rendered":"<p>Thank you for your support&nbsp;! You just have to make the payment by choosing one of the means offered. Contact us if you have any problems&nbsp;! Pay your membership or donation with Paypal [wp_paypal_payment_box email=\u00ab&nbsp;gestion@mfpp-origami.fr&nbsp;\u00bb options=\u00ab&nbsp;Full membership:45.00|Simple membership:30.00|Benefactor member:90.00&nbsp;\u00bb currency=\u00ab&nbsp;EUR&nbsp;\u00bb \u2026 <a href=\"https:\/\/mfpp-origami.fr\/en\/paiement\/\">Continued<\/a><\/p>\n","protected":false},"author":1,"featured_media":0,"parent":0,"menu_order":0,"comment_status":"closed","ping_status":"closed","template":"","meta":{"_acf_changed":false,"wp_typography_post_enhancements_disabled":false,"ngg_post_thumbnail":0,"__cvm_playback_settings":[],"__cvm_video_id":"","footnotes":""},"class_list":["post-3467","page","type-page","status-publish","hentry"],"acf":[],"yoast_head":"<!-- This site is optimized with the Yoast SEO plugin v27.5 - https:\/\/yoast.com\/product\/yoast-seo-wordpress\/ -->\n<title>Paiement des cotisations et dons &#8211; Mouvement Fran\u00e7ais des Plieurs de Papier<\/title>\n<meta name=\"robots\" content=\"index, follow, max-snippet:-1, max-image-preview:large, max-video-preview:-1\" \/>\n<link rel=\"canonical\" href=\"https:\/\/mfpp-origami.fr\/en\/paiement\/\" \/>\n<meta property=\"og:locale\" content=\"en_US\" \/>\n<meta property=\"og:type\" content=\"article\" \/>\n<meta property=\"og:title\" content=\"Paiement des cotisations et dons &#8211; Mouvement Fran\u00e7ais des Plieurs de Papier\" \/>\n<meta property=\"og:description\" content=\"Thank you for your support&nbsp;! You just have to make the payment by choosing one of the means offered. Contact us if you have any problems&nbsp;! Pay your membership or donation with Paypal [wp_paypal_payment_box email=\u00ab&nbsp;gestion@mfpp-origami.fr&nbsp;\u00bb options=\u00ab&nbsp;Full membership:45.00|Simple membership:30.00|Benefactor member:90.00&nbsp;\u00bb currency=\u00ab&nbsp;EUR&nbsp;\u00bb &hellip; Continued\" \/>\n<meta property=\"og:url\" content=\"https:\/\/mfpp-origami.fr\/en\/paiement\/\" \/>\n<meta property=\"og:site_name\" content=\"Mouvement Fran\u00e7ais des Plieurs de Papier\" \/>\n<meta property=\"article:publisher\" content=\"https:\/\/www.facebook.com\/mfpp.origami\" \/>\n<meta property=\"article:modified_time\" content=\"2020-05-22T08:08:55+00:00\" \/>\n<meta property=\"og:image\" content=\"https:\/\/mfpp-origami.fr\/media\/cropped-logo_mfpp_square512.png\" \/>\n\t<meta property=\"og:image:width\" content=\"512\" \/>\n\t<meta property=\"og:image:height\" content=\"512\" \/>\n\t<meta property=\"og:image:type\" content=\"image\/png\" \/>\n<meta name=\"twitter:card\" content=\"summary_large_image\" \/>\n<meta name=\"twitter:label1\" content=\"Est. reading time\" \/>\n\t<meta name=\"twitter:data1\" content=\"2 minutes\" \/>\n<script type=\"application\/ld+json\" class=\"yoast-schema-graph\">{\"@context\":\"https:\\\/\\\/schema.org\",\"@graph\":[{\"@type\":\"WebPage\",\"@id\":\"https:\\\/\\\/mfpp-origami.fr\\\/en\\\/paiement\\\/\",\"url\":\"https:\\\/\\\/mfpp-origami.fr\\\/en\\\/paiement\\\/\",\"name\":\"Paiement des cotisations et dons &#8211; Mouvement Fran\u00e7ais des Plieurs de Papier\",\"isPartOf\":{\"@id\":\"https:\\\/\\\/mfpp-origami.fr\\\/en\\\/#website\"},\"datePublished\":\"2015-12-01T17:29:08+00:00\",\"dateModified\":\"2020-05-22T08:08:55+00:00\",\"breadcrumb\":{\"@id\":\"https:\\\/\\\/mfpp-origami.fr\\\/en\\\/paiement\\\/#breadcrumb\"},\"inLanguage\":\"en-US\",\"potentialAction\":[{\"@type\":\"ReadAction\",\"target\":[[\"https:\\\/\\\/mfpp-origami.fr\\\/en\\\/paiement\\\/\"]]}]},{\"@type\":\"BreadcrumbList\",\"@id\":\"https:\\\/\\\/mfpp-origami.fr\\\/en\\\/paiement\\\/#breadcrumb\",\"itemListElement\":[{\"@type\":\"ListItem\",\"position\":1,\"name\":\"Accueil\",\"item\":\"https:\\\/\\\/mfpp-origami.fr\\\/en\\\/\"},{\"@type\":\"ListItem\",\"position\":2,\"name\":\"Paiement des cotisations et dons\"}]},{\"@type\":\"WebSite\",\"@id\":\"https:\\\/\\\/mfpp-origami.fr\\\/en\\\/#website\",\"url\":\"https:\\\/\\\/mfpp-origami.fr\\\/en\\\/\",\"name\":\"Mouvement Fran\u00e7ais des Plieurs de Papier\",\"description\":\"French association for the promotion of origami\",\"publisher\":{\"@id\":\"https:\\\/\\\/mfpp-origami.fr\\\/en\\\/#organization\"},\"potentialAction\":[{\"@type\":\"SearchAction\",\"target\":{\"@type\":\"EntryPoint\",\"urlTemplate\":\"https:\\\/\\\/mfpp-origami.fr\\\/en\\\/?s={search_term_string}\"},\"query-input\":{\"@type\":\"PropertyValueSpecification\",\"valueRequired\":true,\"valueName\":\"search_term_string\"}}],\"inLanguage\":\"en-US\"},{\"@type\":\"Organization\",\"@id\":\"https:\\\/\\\/mfpp-origami.fr\\\/en\\\/#organization\",\"name\":\"Mouvement fran\u00e7ais des plieurs de papier\",\"url\":\"https:\\\/\\\/mfpp-origami.fr\\\/en\\\/\",\"logo\":{\"@type\":\"ImageObject\",\"inLanguage\":\"en-US\",\"@id\":\"https:\\\/\\\/mfpp-origami.fr\\\/en\\\/#\\\/schema\\\/logo\\\/image\\\/\",\"url\":\"https:\\\/\\\/mfpp-origami.fr\\\/media\\\/logo_web.png\",\"contentUrl\":\"https:\\\/\\\/mfpp-origami.fr\\\/media\\\/logo_web.png\",\"width\":499,\"height\":167,\"caption\":\"Mouvement fran\u00e7ais des plieurs de papier\"},\"image\":{\"@id\":\"https:\\\/\\\/mfpp-origami.fr\\\/en\\\/#\\\/schema\\\/logo\\\/image\\\/\"},\"sameAs\":[\"https:\\\/\\\/www.facebook.com\\\/mfpp.origami\",\"https:\\\/\\\/www.instagram.com\\\/origami_mfpp\\\/\",\"https:\\\/\\\/www.youtube.com\\\/channel\\\/UC72tuiSDql1EMf0oLmjvV4w\"]}]}<\/script>\n<!-- \/ Yoast SEO plugin. -->","yoast_head_json":{"title":"Paiement des cotisations et dons &#8211; Mouvement Fran\u00e7ais des Plieurs de Papier","robots":{"index":"index","follow":"follow","max-snippet":"max-snippet:-1","max-image-preview":"max-image-preview:large","max-video-preview":"max-video-preview:-1"},"canonical":"https:\/\/mfpp-origami.fr\/en\/paiement\/","og_locale":"en_US","og_type":"article","og_title":"Paiement des cotisations et dons &#8211; Mouvement Fran\u00e7ais des Plieurs de Papier","og_description":"Thank you for your support&nbsp;! You just have to make the payment by choosing one of the means offered. Contact us if you have any problems&nbsp;! Pay your membership or donation with Paypal [wp_paypal_payment_box email=\u00ab&nbsp;gestion@mfpp-origami.fr&nbsp;\u00bb options=\u00ab&nbsp;Full membership:45.00|Simple membership:30.00|Benefactor member:90.00&nbsp;\u00bb currency=\u00ab&nbsp;EUR&nbsp;\u00bb &hellip; Continued","og_url":"https:\/\/mfpp-origami.fr\/en\/paiement\/","og_site_name":"Mouvement Fran\u00e7ais des Plieurs de Papier","article_publisher":"https:\/\/www.facebook.com\/mfpp.origami","article_modified_time":"2020-05-22T08:08:55+00:00","og_image":[{"width":512,"height":512,"url":"https:\/\/mfpp-origami.fr\/media\/cropped-logo_mfpp_square512.png","type":"image\/png"}],"twitter_card":"summary_large_image","twitter_misc":{"Est. reading time":"2 minutes"},"schema":{"@context":"https:\/\/schema.org","@graph":[{"@type":"WebPage","@id":"https:\/\/mfpp-origami.fr\/en\/paiement\/","url":"https:\/\/mfpp-origami.fr\/en\/paiement\/","name":"Paiement des cotisations et dons &#8211; Mouvement Fran\u00e7ais des Plieurs de Papier","isPartOf":{"@id":"https:\/\/mfpp-origami.fr\/en\/#website"},"datePublished":"2015-12-01T17:29:08+00:00","dateModified":"2020-05-22T08:08:55+00:00","breadcrumb":{"@id":"https:\/\/mfpp-origami.fr\/en\/paiement\/#breadcrumb"},"inLanguage":"en-US","potentialAction":[{"@type":"ReadAction","target":[["https:\/\/mfpp-origami.fr\/en\/paiement\/"]]}]},{"@type":"BreadcrumbList","@id":"https:\/\/mfpp-origami.fr\/en\/paiement\/#breadcrumb","itemListElement":[{"@type":"ListItem","position":1,"name":"Accueil","item":"https:\/\/mfpp-origami.fr\/en\/"},{"@type":"ListItem","position":2,"name":"Paiement des cotisations et dons"}]},{"@type":"WebSite","@id":"https:\/\/mfpp-origami.fr\/en\/#website","url":"https:\/\/mfpp-origami.fr\/en\/","name":"Mouvement Fran\u00e7ais des Plieurs de Papier","description":"French association for the promotion of origami","publisher":{"@id":"https:\/\/mfpp-origami.fr\/en\/#organization"},"potentialAction":[{"@type":"SearchAction","target":{"@type":"EntryPoint","urlTemplate":"https:\/\/mfpp-origami.fr\/en\/?s={search_term_string}"},"query-input":{"@type":"PropertyValueSpecification","valueRequired":true,"valueName":"search_term_string"}}],"inLanguage":"en-US"},{"@type":"Organization","@id":"https:\/\/mfpp-origami.fr\/en\/#organization","name":"Mouvement fran\u00e7ais des plieurs de papier","url":"https:\/\/mfpp-origami.fr\/en\/","logo":{"@type":"ImageObject","inLanguage":"en-US","@id":"https:\/\/mfpp-origami.fr\/en\/#\/schema\/logo\/image\/","url":"https:\/\/mfpp-origami.fr\/media\/logo_web.png","contentUrl":"https:\/\/mfpp-origami.fr\/media\/logo_web.png","width":499,"height":167,"caption":"Mouvement fran\u00e7ais des plieurs de papier"},"image":{"@id":"https:\/\/mfpp-origami.fr\/en\/#\/schema\/logo\/image\/"},"sameAs":["https:\/\/www.facebook.com\/mfpp.origami","https:\/\/www.instagram.com\/origami_mfpp\/","https:\/\/www.youtube.com\/channel\/UC72tuiSDql1EMf0oLmjvV4w"]}]}},"_links":{"self":[{"href":"https:\/\/mfpp-origami.fr\/en\/wp-json\/wp\/v2\/pages\/3467","targetHints":{"allow":["GET"]}}],"collection":[{"href":"https:\/\/mfpp-origami.fr\/en\/wp-json\/wp\/v2\/pages"}],"about":[{"href":"https:\/\/mfpp-origami.fr\/en\/wp-json\/wp\/v2\/types\/page"}],"author":[{"embeddable":true,"href":"https:\/\/mfpp-origami.fr\/en\/wp-json\/wp\/v2\/users\/1"}],"replies":[{"embeddable":true,"href":"https:\/\/mfpp-origami.fr\/en\/wp-json\/wp\/v2\/comments?post=3467"}],"version-history":[{"count":1,"href":"https:\/\/mfpp-origami.fr\/en\/wp-json\/wp\/v2\/pages\/3467\/revisions"}],"predecessor-version":[{"id":10278,"href":"https:\/\/mfpp-origami.fr\/en\/wp-json\/wp\/v2\/pages\/3467\/revisions\/10278"}],"wp:attachment":[{"href":"https:\/\/mfpp-origami.fr\/en\/wp-json\/wp\/v2\/media?parent=3467"}],"curies":[{"name":"wp","href":"https:\/\/api.w.org\/{rel}","templated":true}]}}