
{"id":327,"date":"2013-12-28T11:55:55","date_gmt":"2013-12-28T10:55:55","guid":{"rendered":"http:\/\/mfpp-origami.fr\/?page_id=327"},"modified":"2023-11-30T17:42:02","modified_gmt":"2023-11-30T16:42:02","slug":"rencontres-de-pliage","status":"publish","type":"page","link":"https:\/\/mfpp-origami.fr\/en\/rencontres-de-pliage\/","title":{"rendered":"Folding Convention"},"content":{"rendered":"<p><\/p>\n<h3>What do we do during folding meetings&nbsp;?<\/h3>\n<p>The meetings are moments of sharing organized around several folding workshops. A&nbsp;teacher will offer to transmit a&nbsp;technique, a&nbsp;creation, or a&nbsp;model that he created or that he liked. For the Spring Meetings, it is also possible to meet creators invited by the association who will present their work via workshops but also conferences.<\/p>\n<h3>Do you have to be a&nbsp;good folder to&nbsp;come&nbsp;?<\/h3>\n<p>At MFPP, we accept folders of all levels. Each workshop is associated with a&nbsp;level of difficulty. In addition, \u201cideal\u201d workshop routes will be offered to you every day depending on your practice. If in doubt, do not hesitate to discuss with members of the organization to direct you towards the workshops most suited to your practice. Mutual assistance during workshops is always very important, there will always be someone to help&nbsp;you.<\/p>\n<h3>In what language is the event taking place&nbsp;?<\/h3>\n<p>French is the language of most workshops. If necessary, an English translation can be made. If there are other needs, we will do our&nbsp;best.<\/p>\n<h3>Do we have access to other services of the association&nbsp;?<\/h3>\n<p>The MFPP takes advantage of the Meetings to bring a&nbsp;small portion of the library, allowing you to do some free folding if you wish. The association\u2019s shop also offers books and papers at attractive prices.<\/p>\n<h3>Do I&nbsp;have to choose my workshops in advance&nbsp;?<\/h3>\n<p>No, the choice of workshop is made just before it on a&nbsp;first-come basis. Each workshop has a&nbsp;limited number of places decided by the organization to allow the teacher to transmit in the best conditions. It is not possible to reserve your&nbsp;place.<\/p>\n<h3>How are meals and accommodation organized&nbsp;?<\/h3>\n<p>It depends on the meeting places. Two possibilities&nbsp;:<\/p>\n<ul>\n<li>Accommodation is not included in the registration service. An aperitif or gala meal is offered one of the evenings of the meeting.<br> Accommodation and meals are offered in addition to registration.<\/li>\n<\/ul>\n<p>The chosen formula is indicated during registration.<\/p>\n<h3>What are the registration procedures&nbsp;?<\/h3>\n<p>The Meetings are only open to members of the association. If you are not yet a&nbsp;member, a&nbsp;membership for the current year will be included in your registration. You will thus have access to all the other services that the association offers.<\/p>\n<h3>Can I&nbsp;offer a&nbsp;workshop&nbsp;?<\/h3>\n<p>Yes, offering a&nbsp;workshop is open to everyone. If this is the first time, we can even discuss with you in advance to allow you to prepare your sequence in the best conditions.<\/p>\n<h3>What types of models are expected for the exhibition tables&nbsp;?<\/h3>\n<p>The possibility of exhibiting its folds is open to everyone. For reasons of seating, each person will have access to a&nbsp;table space of approximately 40&nbsp;cm. So there is no need to bring too many models. These can be either creations or interpretations, the important thing is above all to please yourself&nbsp;!<\/p>\n<h3>Past meetings<\/h3>\n<p>\n<\/p><table id=\"tablepress-2-no-2\" class=\"tablepress tablepress-id-2 aoColumnDefs\">\n<thead>\n<tr class=\"row-1\">\n\t<th class=\"column-1\">Date<\/th><th class=\"column-2\">Lieu<\/th><th class=\"column-3\">Invit\u00e9s<\/th>\n<\/tr>\n<\/thead>\n<tbody class=\"row-striping row-hover\">\n<tr class=\"row-2\">\n\t<td class=\"column-1\">2025\/04<\/td><td class=\"column-2\">Dijon<\/td><td class=\"column-3\">Anic\u00e9 Claud\u00e9on<br> Francesco Decio<\/td>\n<\/tr>\n<tr class=\"row-3\">\n\t<td class=\"column-1\">2024\/11\/8\u200a\u2013\u200a10<\/td><td class=\"column-2\">Paris<\/td><td class=\"column-3\">-<\/td>\n<\/tr>\n<tr class=\"row-4\">\n\t<td class=\"column-1\">2024\/04\/12\u200a\u2013\u200a14<\/td><td class=\"column-2\">Dijon<\/td><td class=\"column-3\">Jannie van Schuylenberg<br> Tetsuya Gotani<\/td>\n<\/tr>\n<tr class=\"row-5\">\n\t<td class=\"column-1\">2023\/11\/11\u200a\u2013\u200a12<\/td><td class=\"column-2\">Paris<\/td><td class=\"column-3\">-<\/td>\n<\/tr>\n<tr class=\"row-6\">\n\t<td class=\"column-1\">2023\/05\/18\u200a\u2013\u200a21<\/td><td class=\"column-2\">Paris<\/td><td class=\"column-3\">Pierre-Yves Gallard<\/td>\n<\/tr>\n<tr class=\"row-7\">\n\t<td class=\"column-1\">2022\/11\/12\u200a\u2013\u200a13<\/td><td class=\"column-2\">Paris<\/td><td class=\"column-3\">-<\/td>\n<\/tr>\n<tr class=\"row-8\">\n\t<td class=\"column-1\">2022\/05\/26\u200a\u2013\u200a29<\/td><td class=\"column-2\">Paris<\/td><td class=\"column-3\">Aliz\u00e9e Glasser<br> Hubert Villeneuve<br> Barth Dunkan<\/td>\n<\/tr>\n<tr class=\"row-9\">\n\t<td class=\"column-1\">2019\/05\/30\u200a\u2013\u200a06\/02<\/td><td class=\"column-2\">Colmar \u2013 Trois&nbsp;\u00c9pis<\/td><td class=\"column-3\">Melina Hermsen<br> Xi\u01ceoxi\u00e1n Hu\u00e1ng<br> D\u00e1\u0161a \u0160everov\u00e1<br> Makoto Yamaguchi<\/td>\n<\/tr>\n<tr class=\"row-10\">\n\t<td class=\"column-1\">2018\/05\/9\u200a\u2013\u200a12<\/td><td class=\"column-2\">Aix-les-Bains<\/td><td class=\"column-3\">Dave Brill<br> Assia&nbsp;Brill<br> Alessandra Lamio<br> Nicolas Terry<br> \u00c9ric Vigier<\/td>\n<\/tr>\n<tr class=\"row-11\">\n\t<td class=\"column-1\">2017\/05\/25\u200a\u2013\u200a28<\/td><td class=\"column-2\">Blois<\/td><td class=\"column-3\">Edwin Corrie<br> S\u00e9bastien Limet<br> Jeremy Shafer<\/td>\n<\/tr>\n<tr class=\"row-12\">\n\t<td class=\"column-1\">2016\/05\/5\u200a\u2013\u200a8<\/td><td class=\"column-2\">Metz<\/td><td class=\"column-3\">Fernando Gilgado<br> Francesco Mancini<br> Naomiki Sato<\/td>\n<\/tr>\n<tr class=\"row-13\">\n\t<td class=\"column-1\">2015\/05\/14\u200a\u2013\u200a17<\/td><td class=\"column-2\">La Rochelle<\/td><td class=\"column-3\">Christiane Bettens (M\u00e9lisande*)<br> Bernie Peyton<br> Lucien Derainne (Kaze)<\/td>\n<\/tr>\n<tr class=\"row-14\">\n\t<td class=\"column-1\">2014\/05\/29\u200a\u2013\u200a06\/01<\/td><td class=\"column-2\">Colmar \u2013 Trois&nbsp;\u00c9pis<\/td><td class=\"column-3\">Carmen Sprung<br> Joan Sallas<br> Juan Gimeno<br> Michel Grand<\/td>\n<\/tr>\n<tr class=\"row-15\">\n\t<td class=\"column-1\">2013\/05\/09\u200a\u2013\u200a12<\/td><td class=\"column-2\">Dijon<\/td><td class=\"column-3\">Tomoko Fuse<br> Quy\u1ebft Ho\u00e0ng&nbsp;Ti\u1ebfn<br> Aur\u00e8le Duda<\/td>\n<\/tr>\n<tr class=\"row-16\">\n\t<td class=\"column-1\">2012\/05\/17\u200a\u2013\u200a20<\/td><td class=\"column-2\">Angoul\u00eame<\/td><td class=\"column-3\">Joseph Wu<br> J\u00f3zsef Zsebe<br> Lydia&nbsp;Diard<br> Felipe Moreno<\/td>\n<\/tr>\n<tr class=\"row-17\">\n\t<td class=\"column-1\">2011\/05\/02\u200a\u2013\u200a06<\/td><td class=\"column-2\">Toulouse<\/td><td class=\"column-3\">Giang Dinh<br> Manuel Sirgo<\/td>\n<\/tr>\n<tr class=\"row-18\">\n\t<td class=\"column-1\">2010\/05\/13\u200a\u2013\u200a16<\/td><td class=\"column-2\">Carcassonne<\/td><td class=\"column-3\">Sipho Mabona<br> Javier Caboblanco<br> Vincent Floderer<br> Victor C\u0153urjoly<\/td>\n<\/tr>\n<tr class=\"row-19\">\n\t<td class=\"column-1\">2009\/05\/21\u200a\u2013\u200a24<\/td><td class=\"column-2\">Paris<\/td><td class=\"column-3\">Dave Mitchell<br> Martin Wall<\/td>\n<\/tr>\n<tr class=\"row-20\">\n\t<td class=\"column-1\">2008\/05\/01\u200a\u2013\u200a04<\/td><td class=\"column-2\">Paris<\/td><td class=\"column-3\">Max Hulme<br> Jun Maekawa<br> Yoshihide Momotani<\/td>\n<\/tr>\n<tr class=\"row-21\">\n\t<td class=\"column-1\">2007\/05\/17\u200a\u2013\u200a20<\/td><td class=\"column-2\">Paris<\/td><td class=\"column-3\">Dave Brill<br> \u00c9ric Joisel<br> Seiji Nishikawa<\/td>\n<\/tr>\n<tr class=\"row-22\">\n\t<td class=\"column-1\">2006\/05\/25\u200a\u2013\u200a28<\/td><td class=\"column-2\">La Rochelle<\/td><td class=\"column-3\">Rom\u00e1n D\u00edaz<br> Carlos Gonz\u00e1les Santamar\u00eda (Halle)<\/td>\n<\/tr>\n<tr class=\"row-23\">\n\t<td class=\"column-1\">2005\/05\/05\u200a\u2013\u200a08<\/td><td class=\"column-2\">Paris<\/td><td class=\"column-3\">Chris K. Palmer<br> Nicolas Terry<\/td>\n<\/tr>\n<tr class=\"row-24\">\n\t<td class=\"column-1\">2004\/05\/20\u200a\u2013\u200a23<\/td><td class=\"column-2\">Charenton<\/td><td class=\"column-3\">Nick Robinson<br> Satoshi Kamiya<\/td>\n<\/tr>\n<tr class=\"row-25\">\n\t<td class=\"column-1\">2003\/05\/29\u200a\u2013\u200a06\/01<\/td><td class=\"column-2\">Toulouse<\/td><td class=\"column-3\">Joan Sallas<br> Stephan Weber<\/td>\n<\/tr>\n<tr class=\"row-26\">\n\t<td class=\"column-1\">2002\/05\/09\u200a\u2013\u200a12<\/td><td class=\"column-2\">Charenton<\/td><td class=\"column-3\">Rikki Donachie<br> Fernando Gilgado<\/td>\n<\/tr>\n<tr class=\"row-27\">\n\t<td class=\"column-1\">2001\/05\/24\u200a\u2013\u200a27<\/td><td class=\"column-2\">Charenton<\/td><td class=\"column-3\">Peter Budai<br> Pasquale d\u2019Auria<\/td>\n<\/tr>\n<tr class=\"row-28\">\n\t<td class=\"column-1\">2000\/06\/01\u200a\u2013\u200a04<\/td><td class=\"column-2\">Charenton<\/td><td class=\"column-3\">Yurii <span class=\"amp\">&amp;<\/span>&nbsp;Katrin Shumakov<\/td>\n<\/tr>\n<tr class=\"row-29\">\n\t<td class=\"column-1\">1999\/05\/13\u200a\u2013\u200a16<\/td><td class=\"column-2\">Charenton<\/td><td class=\"column-3\">Jeremy Shafer<br> David Derudas<\/td>\n<\/tr>\n<tr class=\"row-30\">\n\t<td class=\"column-1\">1998\/05\/21\u200a\u2013\u200a25<\/td><td class=\"column-2\">S\u00e8vres<\/td><td class=\"column-3\">John Montroll<\/td>\n<\/tr>\n<tr class=\"row-31\">\n\t<td class=\"column-1\">1997\/05\/08\u200a\u2013\u200a11<\/td><td class=\"column-2\">Paris<\/td><td class=\"column-3\">Michael LaFosse<\/td>\n<\/tr>\n<tr class=\"row-32\">\n\t<td class=\"column-1\">1996\/05\/16\u200a\u2013\u200a19<\/td><td class=\"column-2\">Nanterre<\/td><td class=\"column-3\">Paul Jackson<br> Alfredo Giunta<\/td>\n<\/tr>\n<tr class=\"row-33\">\n\t<td class=\"column-1\">1995\/05\/25\u200a\u2013\u200a28<\/td><td class=\"column-2\">Troyes<\/td><td class=\"column-3\">Dave Brill<\/td>\n<\/tr>\n<tr class=\"row-34\">\n\t<td class=\"column-1\">1994\/05\/12\u200a\u2013\u200a15<\/td><td class=\"column-2\">Biesheim<\/td><td class=\"column-3\">Paulo Mulatinho<br> Heinz Strobl<\/td>\n<\/tr>\n<tr class=\"row-35\">\n\t<td class=\"column-1\">1993\/05\/29\u200a\u2013\u200a31<\/td><td class=\"column-2\">Toulouse<\/td><td class=\"column-3\">Plieurs espagnols<\/td>\n<\/tr>\n<tr class=\"row-36\">\n\t<td class=\"column-1\">1992\/05\/16\u200a\u2013\u200a17<\/td><td class=\"column-2\">Paris<\/td><td class=\"column-3\">Steve <span class=\"amp\">&amp;<\/span>&nbsp;Megumi Biddle<\/td>\n<\/tr>\n<tr class=\"row-37\">\n\t<td class=\"column-1\">1991\/05\/25\u200a\u2013\u200a26<\/td><td class=\"column-2\">Paris<\/td><td class=\"column-3\">Tomoko Fuse<br> Philip Shen<\/td>\n<\/tr>\n<tr class=\"row-38\">\n\t<td class=\"column-1\">1990\/05\/19\u200a\u2013\u200a20<\/td><td class=\"column-2\">Paris<\/td><td class=\"column-3\">Thoki Yenn<\/td>\n<\/tr>\n<\/tbody>\n<\/table>\n","protected":false},"excerpt":{"rendered":"<p>What do we do during folding meetings&nbsp;? The meetings are moments of sharing organized around several folding workshops. A&nbsp;teacher will offer to transmit a&nbsp;technique, a&nbsp;creation, or a&nbsp;model that he created or that he liked. For the Spring Meetings, it is \u2026 <a href=\"https:\/\/mfpp-origami.fr\/en\/rencontres-de-pliage\/\">Continued<\/a><\/p>\n","protected":false},"author":1,"featured_media":0,"parent":0,"menu_order":0,"comment_status":"closed","ping_status":"closed","template":"","meta":{"_acf_changed":false,"wp_typography_post_enhancements_disabled":false,"ngg_post_thumbnail":0,"__cvm_playback_settings":[],"__cvm_video_id":"","footnotes":""},"class_list":["post-327","page","type-page","status-publish","hentry"],"acf":[],"yoast_head":"<!-- This site is optimized with the Yoast SEO plugin v27.3 - https:\/\/yoast.com\/product\/yoast-seo-wordpress\/ -->\n<title>Folding Convention &#8211; Mouvement Fran\u00e7ais des Plieurs de Papier<\/title>\n<meta name=\"robots\" content=\"index, follow, max-snippet:-1, max-image-preview:large, max-video-preview:-1\" \/>\n<link rel=\"canonical\" href=\"https:\/\/mfpp-origami.fr\/en\/rencontres-de-pliage\/\" \/>\n<meta property=\"og:locale\" content=\"en_US\" \/>\n<meta property=\"og:type\" content=\"article\" \/>\n<meta property=\"og:title\" content=\"Folding Convention &#8211; Mouvement Fran\u00e7ais des Plieurs de Papier\" \/>\n<meta property=\"og:description\" content=\"What do we do during folding meetings&nbsp;? The meetings are moments of sharing organized around several folding workshops. A&nbsp;teacher will offer to transmit a&nbsp;technique, a&nbsp;creation, or a&nbsp;model that he created or that he liked. For the Spring Meetings, it is &hellip; Continued\" \/>\n<meta property=\"og:url\" content=\"https:\/\/mfpp-origami.fr\/en\/rencontres-de-pliage\/\" \/>\n<meta property=\"og:site_name\" content=\"Mouvement Fran\u00e7ais des Plieurs de Papier\" \/>\n<meta property=\"article:publisher\" content=\"https:\/\/www.facebook.com\/mfpp.origami\" \/>\n<meta property=\"article:modified_time\" content=\"2023-11-30T16:42:02+00:00\" \/>\n<meta property=\"og:image\" content=\"https:\/\/mfpp-origami.fr\/media\/cropped-logo_mfpp_square512.png\" \/>\n\t<meta property=\"og:image:width\" content=\"512\" \/>\n\t<meta property=\"og:image:height\" content=\"512\" \/>\n\t<meta property=\"og:image:type\" content=\"image\/png\" \/>\n<meta name=\"twitter:card\" content=\"summary_large_image\" \/>\n<meta name=\"twitter:label1\" content=\"Est. reading time\" \/>\n\t<meta name=\"twitter:data1\" content=\"5 minutes\" \/>\n<script type=\"application\/ld+json\" class=\"yoast-schema-graph\">{\"@context\":\"https:\\\/\\\/schema.org\",\"@graph\":[{\"@type\":\"WebPage\",\"@id\":\"https:\\\/\\\/mfpp-origami.fr\\\/en\\\/rencontres-de-pliage\\\/\",\"url\":\"https:\\\/\\\/mfpp-origami.fr\\\/en\\\/rencontres-de-pliage\\\/\",\"name\":\"Folding Convention &#8211; Mouvement Fran\u00e7ais des Plieurs de Papier\",\"isPartOf\":{\"@id\":\"https:\\\/\\\/mfpp-origami.fr\\\/en\\\/#website\"},\"datePublished\":\"2013-12-28T10:55:55+00:00\",\"dateModified\":\"2023-11-30T16:42:02+00:00\",\"breadcrumb\":{\"@id\":\"https:\\\/\\\/mfpp-origami.fr\\\/en\\\/rencontres-de-pliage\\\/#breadcrumb\"},\"inLanguage\":\"en-US\",\"potentialAction\":[{\"@type\":\"ReadAction\",\"target\":[[\"https:\\\/\\\/mfpp-origami.fr\\\/en\\\/rencontres-de-pliage\\\/\"]]}]},{\"@type\":\"BreadcrumbList\",\"@id\":\"https:\\\/\\\/mfpp-origami.fr\\\/en\\\/rencontres-de-pliage\\\/#breadcrumb\",\"itemListElement\":[{\"@type\":\"ListItem\",\"position\":1,\"name\":\"Accueil\",\"item\":\"https:\\\/\\\/mfpp-origami.fr\\\/en\\\/\"},{\"@type\":\"ListItem\",\"position\":2,\"name\":\"Rencontres de pliage\"}]},{\"@type\":\"WebSite\",\"@id\":\"https:\\\/\\\/mfpp-origami.fr\\\/en\\\/#website\",\"url\":\"https:\\\/\\\/mfpp-origami.fr\\\/en\\\/\",\"name\":\"Mouvement Fran\u00e7ais des Plieurs de Papier\",\"description\":\"French association for the promotion of origami\",\"publisher\":{\"@id\":\"https:\\\/\\\/mfpp-origami.fr\\\/en\\\/#organization\"},\"potentialAction\":[{\"@type\":\"SearchAction\",\"target\":{\"@type\":\"EntryPoint\",\"urlTemplate\":\"https:\\\/\\\/mfpp-origami.fr\\\/en\\\/?s={search_term_string}\"},\"query-input\":{\"@type\":\"PropertyValueSpecification\",\"valueRequired\":true,\"valueName\":\"search_term_string\"}}],\"inLanguage\":\"en-US\"},{\"@type\":\"Organization\",\"@id\":\"https:\\\/\\\/mfpp-origami.fr\\\/en\\\/#organization\",\"name\":\"Mouvement fran\u00e7ais des plieurs de papier\",\"url\":\"https:\\\/\\\/mfpp-origami.fr\\\/en\\\/\",\"logo\":{\"@type\":\"ImageObject\",\"inLanguage\":\"en-US\",\"@id\":\"https:\\\/\\\/mfpp-origami.fr\\\/en\\\/#\\\/schema\\\/logo\\\/image\\\/\",\"url\":\"https:\\\/\\\/mfpp-origami.fr\\\/media\\\/logo_web.png\",\"contentUrl\":\"https:\\\/\\\/mfpp-origami.fr\\\/media\\\/logo_web.png\",\"width\":499,\"height\":167,\"caption\":\"Mouvement fran\u00e7ais des plieurs de papier\"},\"image\":{\"@id\":\"https:\\\/\\\/mfpp-origami.fr\\\/en\\\/#\\\/schema\\\/logo\\\/image\\\/\"},\"sameAs\":[\"https:\\\/\\\/www.facebook.com\\\/mfpp.origami\",\"https:\\\/\\\/www.instagram.com\\\/origami_mfpp\\\/\",\"https:\\\/\\\/www.youtube.com\\\/channel\\\/UC72tuiSDql1EMf0oLmjvV4w\"]}]}<\/script>\n<!-- \/ Yoast SEO plugin. -->","yoast_head_json":{"title":"Folding Convention &#8211; Mouvement Fran\u00e7ais des Plieurs de Papier","robots":{"index":"index","follow":"follow","max-snippet":"max-snippet:-1","max-image-preview":"max-image-preview:large","max-video-preview":"max-video-preview:-1"},"canonical":"https:\/\/mfpp-origami.fr\/en\/rencontres-de-pliage\/","og_locale":"en_US","og_type":"article","og_title":"Folding Convention &#8211; Mouvement Fran\u00e7ais des Plieurs de Papier","og_description":"What do we do during folding meetings&nbsp;? The meetings are moments of sharing organized around several folding workshops. A&nbsp;teacher will offer to transmit a&nbsp;technique, a&nbsp;creation, or a&nbsp;model that he created or that he liked. For the Spring Meetings, it is &hellip; Continued","og_url":"https:\/\/mfpp-origami.fr\/en\/rencontres-de-pliage\/","og_site_name":"Mouvement Fran\u00e7ais des Plieurs de Papier","article_publisher":"https:\/\/www.facebook.com\/mfpp.origami","article_modified_time":"2023-11-30T16:42:02+00:00","og_image":[{"width":512,"height":512,"url":"https:\/\/mfpp-origami.fr\/media\/cropped-logo_mfpp_square512.png","type":"image\/png"}],"twitter_card":"summary_large_image","twitter_misc":{"Est. reading time":"5 minutes"},"schema":{"@context":"https:\/\/schema.org","@graph":[{"@type":"WebPage","@id":"https:\/\/mfpp-origami.fr\/en\/rencontres-de-pliage\/","url":"https:\/\/mfpp-origami.fr\/en\/rencontres-de-pliage\/","name":"Folding Convention &#8211; Mouvement Fran\u00e7ais des Plieurs de Papier","isPartOf":{"@id":"https:\/\/mfpp-origami.fr\/en\/#website"},"datePublished":"2013-12-28T10:55:55+00:00","dateModified":"2023-11-30T16:42:02+00:00","breadcrumb":{"@id":"https:\/\/mfpp-origami.fr\/en\/rencontres-de-pliage\/#breadcrumb"},"inLanguage":"en-US","potentialAction":[{"@type":"ReadAction","target":[["https:\/\/mfpp-origami.fr\/en\/rencontres-de-pliage\/"]]}]},{"@type":"BreadcrumbList","@id":"https:\/\/mfpp-origami.fr\/en\/rencontres-de-pliage\/#breadcrumb","itemListElement":[{"@type":"ListItem","position":1,"name":"Accueil","item":"https:\/\/mfpp-origami.fr\/en\/"},{"@type":"ListItem","position":2,"name":"Rencontres de pliage"}]},{"@type":"WebSite","@id":"https:\/\/mfpp-origami.fr\/en\/#website","url":"https:\/\/mfpp-origami.fr\/en\/","name":"Mouvement Fran\u00e7ais des Plieurs de Papier","description":"French association for the promotion of origami","publisher":{"@id":"https:\/\/mfpp-origami.fr\/en\/#organization"},"potentialAction":[{"@type":"SearchAction","target":{"@type":"EntryPoint","urlTemplate":"https:\/\/mfpp-origami.fr\/en\/?s={search_term_string}"},"query-input":{"@type":"PropertyValueSpecification","valueRequired":true,"valueName":"search_term_string"}}],"inLanguage":"en-US"},{"@type":"Organization","@id":"https:\/\/mfpp-origami.fr\/en\/#organization","name":"Mouvement fran\u00e7ais des plieurs de papier","url":"https:\/\/mfpp-origami.fr\/en\/","logo":{"@type":"ImageObject","inLanguage":"en-US","@id":"https:\/\/mfpp-origami.fr\/en\/#\/schema\/logo\/image\/","url":"https:\/\/mfpp-origami.fr\/media\/logo_web.png","contentUrl":"https:\/\/mfpp-origami.fr\/media\/logo_web.png","width":499,"height":167,"caption":"Mouvement fran\u00e7ais des plieurs de papier"},"image":{"@id":"https:\/\/mfpp-origami.fr\/en\/#\/schema\/logo\/image\/"},"sameAs":["https:\/\/www.facebook.com\/mfpp.origami","https:\/\/www.instagram.com\/origami_mfpp\/","https:\/\/www.youtube.com\/channel\/UC72tuiSDql1EMf0oLmjvV4w"]}]}},"_links":{"self":[{"href":"https:\/\/mfpp-origami.fr\/en\/wp-json\/wp\/v2\/pages\/327","targetHints":{"allow":["GET"]}}],"collection":[{"href":"https:\/\/mfpp-origami.fr\/en\/wp-json\/wp\/v2\/pages"}],"about":[{"href":"https:\/\/mfpp-origami.fr\/en\/wp-json\/wp\/v2\/types\/page"}],"author":[{"embeddable":true,"href":"https:\/\/mfpp-origami.fr\/en\/wp-json\/wp\/v2\/users\/1"}],"replies":[{"embeddable":true,"href":"https:\/\/mfpp-origami.fr\/en\/wp-json\/wp\/v2\/comments?post=327"}],"version-history":[{"count":3,"href":"https:\/\/mfpp-origami.fr\/en\/wp-json\/wp\/v2\/pages\/327\/revisions"}],"predecessor-version":[{"id":11761,"href":"https:\/\/mfpp-origami.fr\/en\/wp-json\/wp\/v2\/pages\/327\/revisions\/11761"}],"wp:attachment":[{"href":"https:\/\/mfpp-origami.fr\/en\/wp-json\/wp\/v2\/media?parent=327"}],"curies":[{"name":"wp","href":"https:\/\/api.w.org\/{rel}","templated":true}]}}