
{"id":324,"date":"2013-12-28T11:41:54","date_gmt":"2013-12-28T10:41:54","guid":{"rendered":"http:\/\/mfpp-origami.fr\/?page_id=324"},"modified":"2024-06-26T16:51:30","modified_gmt":"2024-06-26T14:51:30","slug":"oritheque","status":"publish","type":"page","link":"https:\/\/mfpp-origami.fr\/en\/oritheque\/","title":{"rendered":"Orith\u00e8que. The Library MFPP"},"content":{"rendered":"<p class=\"qtranxs-available-languages-message qtranxs-available-languages-message-en\">%<\/p><p>Le MFPP met \u00e0&nbsp;la disposition de ses membres \u00e0&nbsp;jour de leur cotisation et pour un usage strictement personnel sa biblioth\u00e8que, ou \u00ab&nbsp;orith\u00e8que&nbsp;\u00bb, compos\u00e9e principalement de livres et de divers documents sur le pliage de papiers.<\/p>\n<p>L\u2019adh\u00e9rent qui souhaite acc\u00e9der \u00e0&nbsp;l\u2019orith\u00e8que ou utiliser ses ressources doit se conformer strictement \u00e0&nbsp;la l\u00e9gislation en vigueur et aux usages en particulier sur le copyright et le \u00ab&nbsp;copillage&nbsp;\u00bb. En particulier, il devra avoir le plus grand respect pour les cr\u00e9ateurs et n\u2019entretenir aucune ambigu\u00eft\u00e9 sur les origines des mod\u00e8les qu\u2019il pourrait plier. Il s\u2019engage \u00e9galement \u00e0&nbsp;respecter les r\u00e8gles propres \u00e0&nbsp;l\u2019association.<\/p>\n<h2>Le fonds de la biblioth\u00e8que<\/h2>\n<p>L\u2019<a href=\"https:\/\/mfpp-origami.fr\/oritheque\/catalogue\/\">orith\u00e8que<\/a> comprend plus d\u2019un millier d\u2019ouvrages provenant d\u2019acquisitions ou de&nbsp;dons.<\/p>\n<p>L\u2019association ne peut disposer de toutes les publications. Si l\u2019association dispose de la plupart des ouvrages anciens qui, dans les ann\u00e9es 50\u200a\u2013\u200a60 ont marqu\u00e9 la (re)naissance de l\u2019origami, elle ne peut acqu\u00e9rir toutes les publications r\u00e9centes. Aussi elle se limitera aux ouvrages les plus significatifs ou augmente sa collection par&nbsp;dons.<\/p>\n<h2>Acc\u00e8s \u00e0&nbsp;l\u2019orith\u00e8que<\/h2>\n<p>Les adh\u00e9rents peuvent consulter les livres ou les documents sur place et emprunter les livres<\/p>\n<h3>Consultation sur&nbsp;place<\/h3>\n<p>Les adh\u00e9rents ont acc\u00e8s \u00e0&nbsp;l\u2019ensemble des ouvrages pendant les permanences\/r\u00e9unions tenues au <a title=\"Contact\" href=\"http:\/\/mfpp-origami.fr\/accueil\/contact\/\">local de l\u2019association<\/a> ou, \u00e9ventuellement, sur rendez-vous pour une recherche\/demande pr\u00e9cise et apr\u00e8s accord d\u2019une personne responsable.<\/p>\n<h3>Emprunts<\/h3>\n<p>Les adh\u00e9rents membres de l\u2019Association \u00e0&nbsp;jour de leur cotisation peuvent emprunter les livres de l\u2019orith\u00e8que \u00e0&nbsp;l\u2019exception de ceux faisant l\u2019objet d\u2019une restriction sp\u00e9cifique.<\/p>\n<p>Les livres peuvent \u00eatre emprunt\u00e9s et restitu\u00e9s <b>sur place<\/b>. Attention, l\u2019orith\u00e8que n\u2019est pas un libre-service. Tous les emprunts doivent \u00eatre enregistr\u00e9s par un responsable.<\/p>\n<h4>Modalit\u00e9s d\u2019emprunt par correspondance<\/h4>\n<p>[\u00e0 mettre \u00e0&nbsp;jour]<\/p>","protected":false},"excerpt":{"rendered":"<p>%Le MFPP met \u00e0&nbsp;la disposition de ses membres \u00e0&nbsp;jour de leur cotisation et pour un usage strictement personnel sa biblioth\u00e8que, ou \u00ab&nbsp;orith\u00e8que&nbsp;\u00bb, compos\u00e9e principalement de livres et de divers documents sur le pliage de papiers. L\u2019adh\u00e9rent qui souhaite acc\u00e9der \u00e0&nbsp;l\u2019orith\u00e8que \u2026 <a href=\"https:\/\/mfpp-origami.fr\/en\/oritheque\/\">Continued<\/a><\/p>\n","protected":false},"author":1,"featured_media":0,"parent":0,"menu_order":0,"comment_status":"closed","ping_status":"closed","template":"","meta":{"_acf_changed":false,"wp_typography_post_enhancements_disabled":false,"ngg_post_thumbnail":0,"__cvm_playback_settings":[],"__cvm_video_id":"","footnotes":""},"class_list":["post-324","page","type-page","status-publish","hentry"],"acf":[],"yoast_head":"<!-- This site is optimized with the Yoast SEO plugin v27.3 - https:\/\/yoast.com\/product\/yoast-seo-wordpress\/ -->\n<title>Orith\u00e8que. The Library MFPP &#8211; Mouvement Fran\u00e7ais des Plieurs de Papier<\/title>\n<meta name=\"robots\" content=\"index, follow, max-snippet:-1, max-image-preview:large, max-video-preview:-1\" \/>\n<link rel=\"canonical\" href=\"https:\/\/mfpp-origami.fr\/en\/oritheque\/\" \/>\n<meta property=\"og:locale\" content=\"en_US\" \/>\n<meta property=\"og:type\" content=\"article\" \/>\n<meta property=\"og:title\" content=\"Orith\u00e8que. The Library MFPP &#8211; Mouvement Fran\u00e7ais des Plieurs de Papier\" \/>\n<meta property=\"og:description\" content=\"%Le MFPP met \u00e0&nbsp;la disposition de ses membres \u00e0&nbsp;jour de leur cotisation et pour un usage strictement personnel sa biblioth\u00e8que, ou \u00ab&nbsp;orith\u00e8que&nbsp;\u00bb, compos\u00e9e principalement de livres et de divers documents sur le pliage de papiers. L\u2019adh\u00e9rent qui souhaite acc\u00e9der \u00e0&nbsp;l\u2019orith\u00e8que &hellip; Continued\" \/>\n<meta property=\"og:url\" content=\"https:\/\/mfpp-origami.fr\/en\/oritheque\/\" \/>\n<meta property=\"og:site_name\" content=\"Mouvement Fran\u00e7ais des Plieurs de Papier\" \/>\n<meta property=\"article:publisher\" content=\"https:\/\/www.facebook.com\/mfpp.origami\" \/>\n<meta property=\"article:modified_time\" content=\"2024-06-26T14:51:30+00:00\" \/>\n<meta property=\"og:image\" content=\"https:\/\/mfpp-origami.fr\/media\/cropped-logo_mfpp_square512.png\" \/>\n\t<meta property=\"og:image:width\" content=\"512\" \/>\n\t<meta property=\"og:image:height\" content=\"512\" \/>\n\t<meta property=\"og:image:type\" content=\"image\/png\" \/>\n<meta name=\"twitter:card\" content=\"summary_large_image\" \/>\n<meta name=\"twitter:label1\" content=\"Est. reading time\" \/>\n\t<meta name=\"twitter:data1\" content=\"2 minutes\" \/>\n<script type=\"application\/ld+json\" class=\"yoast-schema-graph\">{\"@context\":\"https:\\\/\\\/schema.org\",\"@graph\":[{\"@type\":\"WebPage\",\"@id\":\"https:\\\/\\\/mfpp-origami.fr\\\/en\\\/oritheque\\\/\",\"url\":\"https:\\\/\\\/mfpp-origami.fr\\\/en\\\/oritheque\\\/\",\"name\":\"Orith\u00e8que. The Library MFPP &#8211; Mouvement Fran\u00e7ais des Plieurs de Papier\",\"isPartOf\":{\"@id\":\"https:\\\/\\\/mfpp-origami.fr\\\/en\\\/#website\"},\"datePublished\":\"2013-12-28T10:41:54+00:00\",\"dateModified\":\"2024-06-26T14:51:30+00:00\",\"breadcrumb\":{\"@id\":\"https:\\\/\\\/mfpp-origami.fr\\\/en\\\/oritheque\\\/#breadcrumb\"},\"inLanguage\":\"en-US\",\"potentialAction\":[{\"@type\":\"ReadAction\",\"target\":[[\"https:\\\/\\\/mfpp-origami.fr\\\/en\\\/oritheque\\\/\"]]}]},{\"@type\":\"BreadcrumbList\",\"@id\":\"https:\\\/\\\/mfpp-origami.fr\\\/en\\\/oritheque\\\/#breadcrumb\",\"itemListElement\":[{\"@type\":\"ListItem\",\"position\":1,\"name\":\"Accueil\",\"item\":\"https:\\\/\\\/mfpp-origami.fr\\\/en\\\/\"},{\"@type\":\"ListItem\",\"position\":2,\"name\":\"L&#8217;orith\u00e8que\"}]},{\"@type\":\"WebSite\",\"@id\":\"https:\\\/\\\/mfpp-origami.fr\\\/en\\\/#website\",\"url\":\"https:\\\/\\\/mfpp-origami.fr\\\/en\\\/\",\"name\":\"Mouvement Fran\u00e7ais des Plieurs de Papier\",\"description\":\"French association for the promotion of origami\",\"publisher\":{\"@id\":\"https:\\\/\\\/mfpp-origami.fr\\\/en\\\/#organization\"},\"potentialAction\":[{\"@type\":\"SearchAction\",\"target\":{\"@type\":\"EntryPoint\",\"urlTemplate\":\"https:\\\/\\\/mfpp-origami.fr\\\/en\\\/?s={search_term_string}\"},\"query-input\":{\"@type\":\"PropertyValueSpecification\",\"valueRequired\":true,\"valueName\":\"search_term_string\"}}],\"inLanguage\":\"en-US\"},{\"@type\":\"Organization\",\"@id\":\"https:\\\/\\\/mfpp-origami.fr\\\/en\\\/#organization\",\"name\":\"Mouvement fran\u00e7ais des plieurs de papier\",\"url\":\"https:\\\/\\\/mfpp-origami.fr\\\/en\\\/\",\"logo\":{\"@type\":\"ImageObject\",\"inLanguage\":\"en-US\",\"@id\":\"https:\\\/\\\/mfpp-origami.fr\\\/en\\\/#\\\/schema\\\/logo\\\/image\\\/\",\"url\":\"https:\\\/\\\/mfpp-origami.fr\\\/media\\\/logo_web.png\",\"contentUrl\":\"https:\\\/\\\/mfpp-origami.fr\\\/media\\\/logo_web.png\",\"width\":499,\"height\":167,\"caption\":\"Mouvement fran\u00e7ais des plieurs de papier\"},\"image\":{\"@id\":\"https:\\\/\\\/mfpp-origami.fr\\\/en\\\/#\\\/schema\\\/logo\\\/image\\\/\"},\"sameAs\":[\"https:\\\/\\\/www.facebook.com\\\/mfpp.origami\",\"https:\\\/\\\/www.instagram.com\\\/origami_mfpp\\\/\",\"https:\\\/\\\/www.youtube.com\\\/channel\\\/UC72tuiSDql1EMf0oLmjvV4w\"]}]}<\/script>\n<!-- \/ Yoast SEO plugin. -->","yoast_head_json":{"title":"Orith\u00e8que. The Library MFPP &#8211; Mouvement Fran\u00e7ais des Plieurs de Papier","robots":{"index":"index","follow":"follow","max-snippet":"max-snippet:-1","max-image-preview":"max-image-preview:large","max-video-preview":"max-video-preview:-1"},"canonical":"https:\/\/mfpp-origami.fr\/en\/oritheque\/","og_locale":"en_US","og_type":"article","og_title":"Orith\u00e8que. The Library MFPP &#8211; Mouvement Fran\u00e7ais des Plieurs de Papier","og_description":"%Le MFPP met \u00e0&nbsp;la disposition de ses membres \u00e0&nbsp;jour de leur cotisation et pour un usage strictement personnel sa biblioth\u00e8que, ou \u00ab&nbsp;orith\u00e8que&nbsp;\u00bb, compos\u00e9e principalement de livres et de divers documents sur le pliage de papiers. L\u2019adh\u00e9rent qui souhaite acc\u00e9der \u00e0&nbsp;l\u2019orith\u00e8que &hellip; Continued","og_url":"https:\/\/mfpp-origami.fr\/en\/oritheque\/","og_site_name":"Mouvement Fran\u00e7ais des Plieurs de Papier","article_publisher":"https:\/\/www.facebook.com\/mfpp.origami","article_modified_time":"2024-06-26T14:51:30+00:00","og_image":[{"width":512,"height":512,"url":"https:\/\/mfpp-origami.fr\/media\/cropped-logo_mfpp_square512.png","type":"image\/png"}],"twitter_card":"summary_large_image","twitter_misc":{"Est. reading time":"2 minutes"},"schema":{"@context":"https:\/\/schema.org","@graph":[{"@type":"WebPage","@id":"https:\/\/mfpp-origami.fr\/en\/oritheque\/","url":"https:\/\/mfpp-origami.fr\/en\/oritheque\/","name":"Orith\u00e8que. The Library MFPP &#8211; Mouvement Fran\u00e7ais des Plieurs de Papier","isPartOf":{"@id":"https:\/\/mfpp-origami.fr\/en\/#website"},"datePublished":"2013-12-28T10:41:54+00:00","dateModified":"2024-06-26T14:51:30+00:00","breadcrumb":{"@id":"https:\/\/mfpp-origami.fr\/en\/oritheque\/#breadcrumb"},"inLanguage":"en-US","potentialAction":[{"@type":"ReadAction","target":[["https:\/\/mfpp-origami.fr\/en\/oritheque\/"]]}]},{"@type":"BreadcrumbList","@id":"https:\/\/mfpp-origami.fr\/en\/oritheque\/#breadcrumb","itemListElement":[{"@type":"ListItem","position":1,"name":"Accueil","item":"https:\/\/mfpp-origami.fr\/en\/"},{"@type":"ListItem","position":2,"name":"L&#8217;orith\u00e8que"}]},{"@type":"WebSite","@id":"https:\/\/mfpp-origami.fr\/en\/#website","url":"https:\/\/mfpp-origami.fr\/en\/","name":"Mouvement Fran\u00e7ais des Plieurs de Papier","description":"French association for the promotion of origami","publisher":{"@id":"https:\/\/mfpp-origami.fr\/en\/#organization"},"potentialAction":[{"@type":"SearchAction","target":{"@type":"EntryPoint","urlTemplate":"https:\/\/mfpp-origami.fr\/en\/?s={search_term_string}"},"query-input":{"@type":"PropertyValueSpecification","valueRequired":true,"valueName":"search_term_string"}}],"inLanguage":"en-US"},{"@type":"Organization","@id":"https:\/\/mfpp-origami.fr\/en\/#organization","name":"Mouvement fran\u00e7ais des plieurs de papier","url":"https:\/\/mfpp-origami.fr\/en\/","logo":{"@type":"ImageObject","inLanguage":"en-US","@id":"https:\/\/mfpp-origami.fr\/en\/#\/schema\/logo\/image\/","url":"https:\/\/mfpp-origami.fr\/media\/logo_web.png","contentUrl":"https:\/\/mfpp-origami.fr\/media\/logo_web.png","width":499,"height":167,"caption":"Mouvement fran\u00e7ais des plieurs de papier"},"image":{"@id":"https:\/\/mfpp-origami.fr\/en\/#\/schema\/logo\/image\/"},"sameAs":["https:\/\/www.facebook.com\/mfpp.origami","https:\/\/www.instagram.com\/origami_mfpp\/","https:\/\/www.youtube.com\/channel\/UC72tuiSDql1EMf0oLmjvV4w"]}]}},"_links":{"self":[{"href":"https:\/\/mfpp-origami.fr\/en\/wp-json\/wp\/v2\/pages\/324","targetHints":{"allow":["GET"]}}],"collection":[{"href":"https:\/\/mfpp-origami.fr\/en\/wp-json\/wp\/v2\/pages"}],"about":[{"href":"https:\/\/mfpp-origami.fr\/en\/wp-json\/wp\/v2\/types\/page"}],"author":[{"embeddable":true,"href":"https:\/\/mfpp-origami.fr\/en\/wp-json\/wp\/v2\/users\/1"}],"replies":[{"embeddable":true,"href":"https:\/\/mfpp-origami.fr\/en\/wp-json\/wp\/v2\/comments?post=324"}],"version-history":[{"count":3,"href":"https:\/\/mfpp-origami.fr\/en\/wp-json\/wp\/v2\/pages\/324\/revisions"}],"predecessor-version":[{"id":12916,"href":"https:\/\/mfpp-origami.fr\/en\/wp-json\/wp\/v2\/pages\/324\/revisions\/12916"}],"wp:attachment":[{"href":"https:\/\/mfpp-origami.fr\/en\/wp-json\/wp\/v2\/media?parent=324"}],"curies":[{"name":"wp","href":"https:\/\/api.w.org\/{rel}","templated":true}]}}