
{"id":297,"date":"2013-12-28T09:25:33","date_gmt":"2013-12-28T08:25:33","guid":{"rendered":"http:\/\/mfpp-origami.fr\/?page_id=297"},"modified":"2014-02-04T15:55:09","modified_gmt":"2014-02-04T14:55:09","slug":"inscription","status":"publish","type":"page","link":"https:\/\/mfpp-origami.fr\/en\/connexion\/inscription\/","title":{"rendered":"Register"},"content":{"rendered":"<p class=\"qtranxs-available-languages-message qtranxs-available-languages-message-en\">%<\/p><p>Vous pouvez vous inscrire sur le site internet de l\u2019association pour \u00eatre tenu inform\u00e9 des activit\u00e9s de l\u2019association, vous inscrire aux Rencontres de mai, acc\u00e9der \u00e0&nbsp;du contenu privatif et, qui sait, adh\u00e9rer pour soutenir notre action.<\/p>\n<p>Si vous \u00eates d\u00e9j\u00e0 adh\u00e9rent, vous pourrez remplir votre num\u00e9ro d\u2019adh\u00e9rent et certaines informations qui vous permettront d\u2019acc\u00e9der aux sections du site r\u00e9serv\u00e9es aux membres et \u00e0&nbsp;divers documents.<\/p>","protected":false},"excerpt":{"rendered":"<p>%Vous pouvez vous inscrire sur le site internet de l\u2019association pour \u00eatre tenu inform\u00e9 des activit\u00e9s de l\u2019association, vous inscrire aux Rencontres de mai, acc\u00e9der \u00e0&nbsp;du contenu privatif et, qui sait, adh\u00e9rer pour soutenir notre action. Si vous \u00eates d\u00e9j\u00e0 \u2026 <a href=\"https:\/\/mfpp-origami.fr\/en\/connexion\/inscription\/\">Continued<\/a><\/p>\n","protected":false},"author":1,"featured_media":0,"parent":1062,"menu_order":0,"comment_status":"closed","ping_status":"closed","template":"template_registration.php","meta":{"_acf_changed":false,"wp_typography_post_enhancements_disabled":false,"ngg_post_thumbnail":0,"__cvm_playback_settings":[],"__cvm_video_id":"","footnotes":""},"class_list":["post-297","page","type-page","status-publish","hentry"],"acf":[],"yoast_head":"<!-- This site is optimized with the Yoast SEO plugin v27.3 - https:\/\/yoast.com\/product\/yoast-seo-wordpress\/ -->\n<title>Register &#8211; Mouvement Fran\u00e7ais des Plieurs de Papier<\/title>\n<meta name=\"robots\" content=\"index, follow, max-snippet:-1, max-image-preview:large, max-video-preview:-1\" \/>\n<link rel=\"canonical\" href=\"https:\/\/mfpp-origami.fr\/en\/connexion\/inscription\/\" \/>\n<meta property=\"og:locale\" content=\"en_US\" \/>\n<meta property=\"og:type\" content=\"article\" \/>\n<meta property=\"og:title\" content=\"Register &#8211; Mouvement Fran\u00e7ais des Plieurs de Papier\" \/>\n<meta property=\"og:description\" content=\"%Vous pouvez vous inscrire sur le site internet de l\u2019association pour \u00eatre tenu inform\u00e9 des activit\u00e9s de l\u2019association, vous inscrire aux Rencontres de mai, acc\u00e9der \u00e0&nbsp;du contenu privatif et, qui sait, adh\u00e9rer pour soutenir notre action. Si vous \u00eates d\u00e9j\u00e0 &hellip; Continued\" \/>\n<meta property=\"og:url\" content=\"https:\/\/mfpp-origami.fr\/en\/connexion\/inscription\/\" \/>\n<meta property=\"og:site_name\" content=\"Mouvement Fran\u00e7ais des Plieurs de Papier\" \/>\n<meta property=\"article:publisher\" content=\"https:\/\/www.facebook.com\/mfpp.origami\" \/>\n<meta property=\"article:modified_time\" content=\"2014-02-04T14:55:09+00:00\" \/>\n<meta property=\"og:image\" content=\"https:\/\/mfpp-origami.fr\/media\/cropped-logo_mfpp_square512.png\" \/>\n\t<meta property=\"og:image:width\" content=\"512\" \/>\n\t<meta property=\"og:image:height\" content=\"512\" \/>\n\t<meta property=\"og:image:type\" content=\"image\/png\" \/>\n<meta name=\"twitter:card\" content=\"summary_large_image\" \/>\n<script type=\"application\/ld+json\" class=\"yoast-schema-graph\">{\"@context\":\"https:\\\/\\\/schema.org\",\"@graph\":[{\"@type\":\"WebPage\",\"@id\":\"https:\\\/\\\/mfpp-origami.fr\\\/en\\\/connexion\\\/inscription\\\/\",\"url\":\"https:\\\/\\\/mfpp-origami.fr\\\/en\\\/connexion\\\/inscription\\\/\",\"name\":\"InscriptionRegister &#8211; Mouvement Fran\u00e7ais des Plieurs de Papier\",\"isPartOf\":{\"@id\":\"https:\\\/\\\/mfpp-origami.fr\\\/en\\\/#website\"},\"datePublished\":\"2013-12-28T08:25:33+00:00\",\"dateModified\":\"2014-02-04T14:55:09+00:00\",\"breadcrumb\":{\"@id\":\"https:\\\/\\\/mfpp-origami.fr\\\/en\\\/connexion\\\/inscription\\\/#breadcrumb\"},\"inLanguage\":\"en-US\",\"potentialAction\":[{\"@type\":\"ReadAction\",\"target\":[[\"https:\\\/\\\/mfpp-origami.fr\\\/en\\\/connexion\\\/inscription\\\/\"]]}]},{\"@type\":\"BreadcrumbList\",\"@id\":\"https:\\\/\\\/mfpp-origami.fr\\\/en\\\/connexion\\\/inscription\\\/#breadcrumb\",\"itemListElement\":[{\"@type\":\"ListItem\",\"position\":1,\"name\":\"Accueil\",\"item\":\"https:\\\/\\\/mfpp-origami.fr\\\/en\\\/\"},{\"@type\":\"ListItem\",\"position\":2,\"name\":\"Connexion\",\"item\":\"https:\\\/\\\/mfpp-origami.fr\\\/en\\\/connexion\\\/\"},{\"@type\":\"ListItem\",\"position\":3,\"name\":\"Inscription\"}]},{\"@type\":\"WebSite\",\"@id\":\"https:\\\/\\\/mfpp-origami.fr\\\/en\\\/#website\",\"url\":\"https:\\\/\\\/mfpp-origami.fr\\\/en\\\/\",\"name\":\"Mouvement Fran\u00e7ais des Plieurs de Papier\",\"description\":\"French association for the promotion of origami\",\"publisher\":{\"@id\":\"https:\\\/\\\/mfpp-origami.fr\\\/en\\\/#organization\"},\"potentialAction\":[{\"@type\":\"SearchAction\",\"target\":{\"@type\":\"EntryPoint\",\"urlTemplate\":\"https:\\\/\\\/mfpp-origami.fr\\\/en\\\/?s={search_term_string}\"},\"query-input\":{\"@type\":\"PropertyValueSpecification\",\"valueRequired\":true,\"valueName\":\"search_term_string\"}}],\"inLanguage\":\"en-US\"},{\"@type\":\"Organization\",\"@id\":\"https:\\\/\\\/mfpp-origami.fr\\\/en\\\/#organization\",\"name\":\"Mouvement fran\u00e7ais des plieurs de papier\",\"url\":\"https:\\\/\\\/mfpp-origami.fr\\\/en\\\/\",\"logo\":{\"@type\":\"ImageObject\",\"inLanguage\":\"en-US\",\"@id\":\"https:\\\/\\\/mfpp-origami.fr\\\/en\\\/#\\\/schema\\\/logo\\\/image\\\/\",\"url\":\"https:\\\/\\\/mfpp-origami.fr\\\/media\\\/logo_web.png\",\"contentUrl\":\"https:\\\/\\\/mfpp-origami.fr\\\/media\\\/logo_web.png\",\"width\":499,\"height\":167,\"caption\":\"Mouvement fran\u00e7ais des plieurs de papier\"},\"image\":{\"@id\":\"https:\\\/\\\/mfpp-origami.fr\\\/en\\\/#\\\/schema\\\/logo\\\/image\\\/\"},\"sameAs\":[\"https:\\\/\\\/www.facebook.com\\\/mfpp.origami\",\"https:\\\/\\\/www.instagram.com\\\/origami_mfpp\\\/\",\"https:\\\/\\\/www.youtube.com\\\/channel\\\/UC72tuiSDql1EMf0oLmjvV4w\"]}]}<\/script>\n<!-- \/ Yoast SEO plugin. -->","yoast_head_json":{"title":"Register &#8211; Mouvement Fran\u00e7ais des Plieurs de Papier","robots":{"index":"index","follow":"follow","max-snippet":"max-snippet:-1","max-image-preview":"max-image-preview:large","max-video-preview":"max-video-preview:-1"},"canonical":"https:\/\/mfpp-origami.fr\/en\/connexion\/inscription\/","og_locale":"en_US","og_type":"article","og_title":"Register &#8211; Mouvement Fran\u00e7ais des Plieurs de Papier","og_description":"%Vous pouvez vous inscrire sur le site internet de l\u2019association pour \u00eatre tenu inform\u00e9 des activit\u00e9s de l\u2019association, vous inscrire aux Rencontres de mai, acc\u00e9der \u00e0&nbsp;du contenu privatif et, qui sait, adh\u00e9rer pour soutenir notre action. Si vous \u00eates d\u00e9j\u00e0 &hellip; Continued","og_url":"https:\/\/mfpp-origami.fr\/en\/connexion\/inscription\/","og_site_name":"Mouvement Fran\u00e7ais des Plieurs de Papier","article_publisher":"https:\/\/www.facebook.com\/mfpp.origami","article_modified_time":"2014-02-04T14:55:09+00:00","og_image":[{"width":512,"height":512,"url":"https:\/\/mfpp-origami.fr\/media\/cropped-logo_mfpp_square512.png","type":"image\/png"}],"twitter_card":"summary_large_image","schema":{"@context":"https:\/\/schema.org","@graph":[{"@type":"WebPage","@id":"https:\/\/mfpp-origami.fr\/en\/connexion\/inscription\/","url":"https:\/\/mfpp-origami.fr\/en\/connexion\/inscription\/","name":"InscriptionRegister &#8211; Mouvement Fran\u00e7ais des Plieurs de Papier","isPartOf":{"@id":"https:\/\/mfpp-origami.fr\/en\/#website"},"datePublished":"2013-12-28T08:25:33+00:00","dateModified":"2014-02-04T14:55:09+00:00","breadcrumb":{"@id":"https:\/\/mfpp-origami.fr\/en\/connexion\/inscription\/#breadcrumb"},"inLanguage":"en-US","potentialAction":[{"@type":"ReadAction","target":[["https:\/\/mfpp-origami.fr\/en\/connexion\/inscription\/"]]}]},{"@type":"BreadcrumbList","@id":"https:\/\/mfpp-origami.fr\/en\/connexion\/inscription\/#breadcrumb","itemListElement":[{"@type":"ListItem","position":1,"name":"Accueil","item":"https:\/\/mfpp-origami.fr\/en\/"},{"@type":"ListItem","position":2,"name":"Connexion","item":"https:\/\/mfpp-origami.fr\/en\/connexion\/"},{"@type":"ListItem","position":3,"name":"Inscription"}]},{"@type":"WebSite","@id":"https:\/\/mfpp-origami.fr\/en\/#website","url":"https:\/\/mfpp-origami.fr\/en\/","name":"Mouvement Fran\u00e7ais des Plieurs de Papier","description":"French association for the promotion of origami","publisher":{"@id":"https:\/\/mfpp-origami.fr\/en\/#organization"},"potentialAction":[{"@type":"SearchAction","target":{"@type":"EntryPoint","urlTemplate":"https:\/\/mfpp-origami.fr\/en\/?s={search_term_string}"},"query-input":{"@type":"PropertyValueSpecification","valueRequired":true,"valueName":"search_term_string"}}],"inLanguage":"en-US"},{"@type":"Organization","@id":"https:\/\/mfpp-origami.fr\/en\/#organization","name":"Mouvement fran\u00e7ais des plieurs de papier","url":"https:\/\/mfpp-origami.fr\/en\/","logo":{"@type":"ImageObject","inLanguage":"en-US","@id":"https:\/\/mfpp-origami.fr\/en\/#\/schema\/logo\/image\/","url":"https:\/\/mfpp-origami.fr\/media\/logo_web.png","contentUrl":"https:\/\/mfpp-origami.fr\/media\/logo_web.png","width":499,"height":167,"caption":"Mouvement fran\u00e7ais des plieurs de papier"},"image":{"@id":"https:\/\/mfpp-origami.fr\/en\/#\/schema\/logo\/image\/"},"sameAs":["https:\/\/www.facebook.com\/mfpp.origami","https:\/\/www.instagram.com\/origami_mfpp\/","https:\/\/www.youtube.com\/channel\/UC72tuiSDql1EMf0oLmjvV4w"]}]}},"_links":{"self":[{"href":"https:\/\/mfpp-origami.fr\/en\/wp-json\/wp\/v2\/pages\/297","targetHints":{"allow":["GET"]}}],"collection":[{"href":"https:\/\/mfpp-origami.fr\/en\/wp-json\/wp\/v2\/pages"}],"about":[{"href":"https:\/\/mfpp-origami.fr\/en\/wp-json\/wp\/v2\/types\/page"}],"author":[{"embeddable":true,"href":"https:\/\/mfpp-origami.fr\/en\/wp-json\/wp\/v2\/users\/1"}],"replies":[{"embeddable":true,"href":"https:\/\/mfpp-origami.fr\/en\/wp-json\/wp\/v2\/comments?post=297"}],"version-history":[{"count":0,"href":"https:\/\/mfpp-origami.fr\/en\/wp-json\/wp\/v2\/pages\/297\/revisions"}],"up":[{"embeddable":true,"href":"https:\/\/mfpp-origami.fr\/en\/wp-json\/wp\/v2\/pages\/1062"}],"wp:attachment":[{"href":"https:\/\/mfpp-origami.fr\/en\/wp-json\/wp\/v2\/media?parent=297"}],"curies":[{"name":"wp","href":"https:\/\/api.w.org\/{rel}","templated":true}]}}